{"id":3827,"date":"2025-06-25T10:21:34","date_gmt":"2025-06-25T13:21:34","guid":{"rendered":"https:\/\/farmacia-homologacao.saude.pe.gov.br\/?page_id=3827"},"modified":"2025-12-07T18:56:36","modified_gmt":"2025-12-07T21:56:36","slug":"como-obter","status":"publish","type":"page","link":"https:\/\/farmacia.saude.pe.gov.br\/?page_id=3827","title":{"rendered":"Como obter"},"content":{"rendered":"\t\t<div data-elementor-type=\"wp-page\" data-elementor-id=\"3827\" class=\"elementor elementor-3827\" data-elementor-post-type=\"page\">\n\t\t\t\t<div class=\"elementor-element elementor-element-d661096 e-flex e-con-boxed e-con e-parent\" data-id=\"d661096\" data-element_type=\"container\" data-e-type=\"container\" data-settings=\"{&quot;jet_parallax_layout_list&quot;:[]}\">\n\t\t\t\t\t<div class=\"e-con-inner\">\n\t\t\t\t<div class=\"elementor-element elementor-element-446e58d elementor-widget elementor-widget-heading\" data-id=\"446e58d\" data-element_type=\"widget\" data-e-type=\"widget\" data-widget_type=\"heading.default\">\n\t\t\t\t<div class=\"elementor-widget-container\">\n\t\t\t\t\t<h2 class=\"elementor-heading-title elementor-size-default\">Como obter medicamentos no SUS-PE<\/h2>\t\t\t\t<\/div>\n\t\t\t\t<\/div>\n\t\t\t\t<div class=\"elementor-element elementor-element-dd01303 elementor-widget elementor-widget-text-editor\" data-id=\"dd01303\" data-element_type=\"widget\" data-e-type=\"widget\" data-widget_type=\"text-editor.default\">\n\t\t\t\t<div class=\"elementor-widget-container\">\n\t\t\t\t\t\t\t\t\t<p>Veja a Carta de Servi\u00e7o ao Usu\u00e1rio <a href=\"https:\/\/cartadeservicos.saude.pe.gov.br\/medicamentos\/\" target=\"_blank\" rel=\"noopener\">CLIQUE AQUI<\/a><\/p><p>Conhe\u00e7a a Rela\u00e7\u00e3o Estadual de Medicamentos 2025 \u2013 <a href=\"http:\/\/farmacia.saude.pe.gov.br\/wp-content\/uploads\/2025\/11\/REESME-2025.pdf\">REESME<\/a><\/p><p>Sendo seu medicamento contemplado nas Farm\u00e1cias de Pernambuco, saiba quais documentos s\u00e3o necess\u00e1rios. LME \u2013 Laudo de Solicita\u00e7\u00e3o, Avalia\u00e7\u00e3o e Autoriza\u00e7\u00e3o de Medicamento do Componente Especializado da Assist\u00eancia Farmac\u00eautica; o TER \u2013 Termo de Esclarecimento e Responsabilidade; a Declara\u00e7\u00e3o Autorizadora \u2013 o Guia de Orienta\u00e7\u00e3o ao Usu\u00e1rio.<\/p><p>Leve ao seu m\u00e9dico do SUS, O Guia de Orienta\u00e7\u00e3o ao Usu\u00e1rio, que descreve os documentos necess\u00e1rios a serem solicitados por ele, assim como, seus documentos pessoais.<\/p><p>De acordo com o munic\u00edpio em que reside, veja a Farm\u00e1cia de Pernambuco o mais pr\u00f3xima e obtenha informa\u00e7\u00f5es necess\u00e1rias ao acesso de seu medicamento, conforme definido em Portarias e Protocolos Cl\u00ednicos e Diretrizes Terap\u00eauticas\/MS.<\/p><p>Procure sempre que necess\u00e1rio o profissional farmac\u00eautico.<\/p>\t\t\t\t\t\t\t\t<\/div>\n\t\t\t\t<\/div>\n\t\t\t\t<div class=\"elementor-element elementor-element-0245a71 elementor-widget elementor-widget-heading\" data-id=\"0245a71\" data-element_type=\"widget\" data-e-type=\"widget\" data-widget_type=\"heading.default\">\n\t\t\t\t<div class=\"elementor-widget-container\">\n\t\t\t\t\t<h2 class=\"elementor-heading-title elementor-size-default\">Onde encontrar seu Medicamento no SUS: B\u00e1sico, Estrat\u00e9gico e Especializado<\/h2>\t\t\t\t<\/div>\n\t\t\t\t<\/div>\n\t\t\t\t<div class=\"elementor-element elementor-element-9031d85 elementor-widget elementor-widget-text-editor\" data-id=\"9031d85\" data-element_type=\"widget\" data-e-type=\"widget\" data-widget_type=\"text-editor.default\">\n\t\t\t\t<div class=\"elementor-widget-container\">\n\t\t\t\t\t\t\t\t\t<p>A Rela\u00e7\u00e3o Nacional de Medicamentos Essenciais (<a href=\"http:\/\/farmacia.saude.pe.gov.br\/wp-content\/uploads\/2025\/11\/rename-2024.pdf\">RENAME<\/a>) 2024 organiza os medicamentos e insumos dispon\u00edveis no Sistema \u00danico de Sa\u00fade (SUS) em tr\u00eas componentes principais: B\u00e1sico, Estrat\u00e9gico e Especializado, cada um com responsabilidades de financiamento e dispensa\u00e7\u00e3o espec\u00edficas entre os munic\u00edpios, estados e o Governo Federal.<\/p>\t\t\t\t\t\t\t\t<\/div>\n\t\t\t\t<\/div>\n\t\t\t\t<div class=\"elementor-element elementor-element-876ac7d elementor-widget-divider--view-line elementor-widget elementor-widget-divider\" data-id=\"876ac7d\" data-element_type=\"widget\" data-e-type=\"widget\" data-widget_type=\"divider.default\">\n\t\t\t\t<div class=\"elementor-widget-container\">\n\t\t\t\t\t\t\t<div class=\"elementor-divider\">\n\t\t\t<span class=\"elementor-divider-separator\">\n\t\t\t\t\t\t<\/span>\n\t\t<\/div>\n\t\t\t\t\t\t<\/div>\n\t\t\t\t<\/div>\n\t\t\t\t<div class=\"elementor-element elementor-element-b99f371 elementor-widget elementor-widget-heading\" data-id=\"b99f371\" data-element_type=\"widget\" data-e-type=\"widget\" data-widget_type=\"heading.default\">\n\t\t\t\t<div class=\"elementor-widget-container\">\n\t\t\t\t\t<h2 class=\"elementor-heading-title elementor-size-default\">Onde encontrar seu Medicamento no SUS: B\u00e1sico, Estrat\u00e9gico e Especializado<\/h2>\t\t\t\t<\/div>\n\t\t\t\t<\/div>\n\t\t<div class=\"elementor-element elementor-element-acc46b8 e-con-full e-flex e-con e-child\" data-id=\"acc46b8\" data-element_type=\"container\" data-e-type=\"container\" data-settings=\"{&quot;jet_parallax_layout_list&quot;:[]}\">\n\t\t\t\t<div class=\"elementor-element elementor-element-5af285f elementor-widget elementor-widget-heading\" data-id=\"5af285f\" data-element_type=\"widget\" data-e-type=\"widget\" data-widget_type=\"heading.default\">\n\t\t\t\t<div class=\"elementor-widget-container\">\n\t\t\t\t\t<h2 class=\"elementor-heading-title elementor-size-default\">Componente: B\u00e1sico<\/h2>\t\t\t\t<\/div>\n\t\t\t\t<\/div>\n\t\t\t\t<div class=\"elementor-element elementor-element-5ad7eae elementor-widget elementor-widget-text-editor\" data-id=\"5ad7eae\" data-element_type=\"widget\" data-e-type=\"widget\" data-widget_type=\"text-editor.default\">\n\t\t\t\t<div class=\"elementor-widget-container\">\n\t\t\t\t\t\t\t\t\t<ul><li><strong>Responsabilidade:<\/strong> Munic\u00edpios, Estados<\/li><li><strong>Tipos de Medicamentos:<\/strong> Medicamentos para problemas de sa\u00fade comuns na Aten\u00e7\u00e3o Prim\u00e1ria \u00e0 Sa\u00fade (hipertens\u00e3o, diabetes, asma, contraceptivos), incluindo fitoter\u00e1picos. RENAME e REMUME (Cada munic\u00edpio \u00e9 respons\u00e1vel por elaborar e divulgar sua REMUME, de acordo com as necessidades de sa\u00fade locais.<\/li><li><strong>Para acess\u00e1-la, voc\u00ea pode:<\/strong> Acessar o site oficial da Prefeitura ou da Secretaria Municipal de Sa\u00fade<\/li><li><strong>Onde obter:<\/strong> Unidades de sa\u00fade dos munic\u00edpios (Ex.: Unidade de Sa\u00fade da Fam\u00edlia (USF), Policl\u00ednica, UPA).<\/li><\/ul>\t\t\t\t\t\t\t\t<\/div>\n\t\t\t\t<\/div>\n\t\t\t\t<\/div>\n\t\t<div class=\"elementor-element elementor-element-c86844b e-con-full e-flex e-con e-child\" data-id=\"c86844b\" data-element_type=\"container\" data-e-type=\"container\" data-settings=\"{&quot;jet_parallax_layout_list&quot;:[]}\">\n\t\t\t\t<div class=\"elementor-element elementor-element-74fa5ae elementor-widget elementor-widget-heading\" data-id=\"74fa5ae\" data-element_type=\"widget\" data-e-type=\"widget\" data-widget_type=\"heading.default\">\n\t\t\t\t<div class=\"elementor-widget-container\">\n\t\t\t\t\t<h2 class=\"elementor-heading-title elementor-size-default\">Componente: Estrat\u00e9gico<\/h2>\t\t\t\t<\/div>\n\t\t\t\t<\/div>\n\t\t\t\t<div class=\"elementor-element elementor-element-eace54a elementor-widget elementor-widget-text-editor\" data-id=\"eace54a\" data-element_type=\"widget\" data-e-type=\"widget\" data-widget_type=\"text-editor.default\">\n\t\t\t\t<div class=\"elementor-widget-container\">\n\t\t\t\t\t\t\t\t\t<ul><li><strong>Responsabilidade:<\/strong> Minist\u00e9rio da Sa\u00fade<\/li><li><strong>Tipos de Medicamentos:<\/strong> Medicamentos para doen\u00e7as de interesse epidemiol\u00f3gico (tuberculose, hansen\u00edase, mal\u00e1ria, HIV\/AIDS, hepatites virais), soros e vacinas. Confira na REESME<\/li><li><strong>Financiamento:<\/strong> Federal<\/li><li><strong>Onde obter:<\/strong> Unidades de sa\u00fade de refer\u00eancia para as doen\u00e7as espec\u00edficas, ou locais indicados pelos programas de sa\u00fade do SUS.<\/li><\/ul>\t\t\t\t\t\t\t\t<\/div>\n\t\t\t\t<\/div>\n\t\t\t\t<\/div>\n\t\t<div class=\"elementor-element elementor-element-5b8845a e-con-full e-flex e-con e-child\" data-id=\"5b8845a\" data-element_type=\"container\" data-e-type=\"container\" data-settings=\"{&quot;jet_parallax_layout_list&quot;:[]}\">\n\t\t\t\t<div class=\"elementor-element elementor-element-53ebe10 elementor-widget elementor-widget-heading\" data-id=\"53ebe10\" data-element_type=\"widget\" data-e-type=\"widget\" data-widget_type=\"heading.default\">\n\t\t\t\t<div class=\"elementor-widget-container\">\n\t\t\t\t\t<h2 class=\"elementor-heading-title elementor-size-default\">Componente: Especializado<\/h2>\t\t\t\t<\/div>\n\t\t\t\t<\/div>\n\t\t\t\t<div class=\"elementor-element elementor-element-f8d9c9e elementor-widget elementor-widget-text-editor\" data-id=\"f8d9c9e\" data-element_type=\"widget\" data-e-type=\"widget\" data-widget_type=\"text-editor.default\">\n\t\t\t\t<div class=\"elementor-widget-container\">\n\t\t\t\t\t\t\t\t\t<ul><li><strong>Responsabilidade:<\/strong> Minist\u00e9rios da Sa\u00fade e Estados<\/li><li><strong>Tipos de Medicamentos:<\/strong> Medicamentos de alto custo e complexidade. Confira na REESME<\/li><li><strong>Financiamento:<\/strong> Federal e Estadual<\/li><li><strong>Onde obter:<\/strong> Secretaria Estadual de Sa\u00fade, atrav\u00e9s das farm\u00e1cias do Estado.<\/li><\/ul>\t\t\t\t\t\t\t\t<\/div>\n\t\t\t\t<\/div>\n\t\t\t\t<\/div>\n\t\t\t\t\t<\/div>\n\t\t\t\t<\/div>\n\t\t\t\t<\/div>\n\t\t","protected":false},"excerpt":{"rendered":"<p>Como obter medicamentos no SUS-PE Veja a Carta de Servi\u00e7o ao Usu\u00e1rio CLIQUE AQUI Conhe\u00e7a a Rela\u00e7\u00e3o Estadual de Medicamentos 2025 \u2013 REESME Sendo seu medicamento contemplado nas Farm\u00e1cias de Pernambuco, saiba quais documentos s\u00e3o necess\u00e1rios. LME \u2013 Laudo de Solicita\u00e7\u00e3o, Avalia\u00e7\u00e3o e Autoriza\u00e7\u00e3o de Medicamento do Componente Especializado da Assist\u00eancia Farmac\u00eautica; o TER \u2013 [&hellip;]<\/p>\n","protected":false},"author":5,"featured_media":0,"parent":0,"menu_order":0,"comment_status":"closed","ping_status":"closed","template":"","meta":{"footnotes":""},"class_list":["post-3827","page","type-page","status-publish","hentry"],"yoast_head":"<!-- This site is optimized with the Yoast SEO plugin v27.5 - https:\/\/yoast.com\/product\/yoast-seo-wordpress\/ -->\n<title>Como obter - Farm\u00e1cia de Pernambuco<\/title>\n<meta name=\"robots\" content=\"index, follow, max-snippet:-1, max-image-preview:large, max-video-preview:-1\" \/>\n<link rel=\"canonical\" href=\"https:\/\/farmacia.saude.pe.gov.br\/?page_id=3827\" \/>\n<meta property=\"og:locale\" content=\"pt_BR\" \/>\n<meta property=\"og:type\" content=\"article\" \/>\n<meta property=\"og:title\" content=\"Como obter - Farm\u00e1cia de Pernambuco\" \/>\n<meta property=\"og:description\" content=\"Como obter medicamentos no SUS-PE Veja a Carta de Servi\u00e7o ao Usu\u00e1rio CLIQUE AQUI Conhe\u00e7a a Rela\u00e7\u00e3o Estadual de Medicamentos 2025 \u2013 REESME Sendo seu medicamento contemplado nas Farm\u00e1cias de Pernambuco, saiba quais documentos s\u00e3o necess\u00e1rios. LME \u2013 Laudo de Solicita\u00e7\u00e3o, Avalia\u00e7\u00e3o e Autoriza\u00e7\u00e3o de Medicamento do Componente Especializado da Assist\u00eancia Farmac\u00eautica; o TER \u2013 [&hellip;]\" \/>\n<meta property=\"og:url\" content=\"https:\/\/farmacia.saude.pe.gov.br\/?page_id=3827\" \/>\n<meta property=\"og:site_name\" content=\"Farm\u00e1cia de Pernambuco\" \/>\n<meta property=\"article:modified_time\" content=\"2025-12-07T21:56:36+00:00\" \/>\n<meta name=\"twitter:card\" content=\"summary_large_image\" \/>\n<meta name=\"twitter:label1\" content=\"Est. tempo de leitura\" \/>\n\t<meta name=\"twitter:data1\" content=\"2 minutos\" \/>\n<script type=\"application\/ld+json\" class=\"yoast-schema-graph\">{\"@context\":\"https:\\\/\\\/schema.org\",\"@graph\":[{\"@type\":\"WebPage\",\"@id\":\"https:\\\/\\\/farmacia.saude.pe.gov.br\\\/?page_id=3827\",\"url\":\"https:\\\/\\\/farmacia.saude.pe.gov.br\\\/?page_id=3827\",\"name\":\"Como obter - Farm\u00e1cia de Pernambuco\",\"isPartOf\":{\"@id\":\"https:\\\/\\\/farmacia.saude.pe.gov.br\\\/#website\"},\"datePublished\":\"2025-06-25T13:21:34+00:00\",\"dateModified\":\"2025-12-07T21:56:36+00:00\",\"breadcrumb\":{\"@id\":\"https:\\\/\\\/farmacia.saude.pe.gov.br\\\/?page_id=3827#breadcrumb\"},\"inLanguage\":\"pt-BR\",\"potentialAction\":[{\"@type\":\"ReadAction\",\"target\":[\"https:\\\/\\\/farmacia.saude.pe.gov.br\\\/?page_id=3827\"]}]},{\"@type\":\"BreadcrumbList\",\"@id\":\"https:\\\/\\\/farmacia.saude.pe.gov.br\\\/?page_id=3827#breadcrumb\",\"itemListElement\":[{\"@type\":\"ListItem\",\"position\":1,\"name\":\"Home\",\"item\":\"https:\\\/\\\/farmacia.saude.pe.gov.br\\\/\"},{\"@type\":\"ListItem\",\"position\":2,\"name\":\"Como obter\"}]},{\"@type\":\"WebSite\",\"@id\":\"https:\\\/\\\/farmacia.saude.pe.gov.br\\\/#website\",\"url\":\"https:\\\/\\\/farmacia.saude.pe.gov.br\\\/\",\"name\":\"Farm\u00e1cia de Pernambuco\",\"description\":\"\",\"publisher\":{\"@id\":\"https:\\\/\\\/farmacia.saude.pe.gov.br\\\/#organization\"},\"potentialAction\":[{\"@type\":\"SearchAction\",\"target\":{\"@type\":\"EntryPoint\",\"urlTemplate\":\"https:\\\/\\\/farmacia.saude.pe.gov.br\\\/?s={search_term_string}\"},\"query-input\":{\"@type\":\"PropertyValueSpecification\",\"valueRequired\":true,\"valueName\":\"search_term_string\"}}],\"inLanguage\":\"pt-BR\"},{\"@type\":\"Organization\",\"@id\":\"https:\\\/\\\/farmacia.saude.pe.gov.br\\\/#organization\",\"name\":\"Farm\u00e1cia de Pernambuco\",\"url\":\"https:\\\/\\\/farmacia.saude.pe.gov.br\\\/\",\"logo\":{\"@type\":\"ImageObject\",\"inLanguage\":\"pt-BR\",\"@id\":\"https:\\\/\\\/farmacia.saude.pe.gov.br\\\/#\\\/schema\\\/logo\\\/image\\\/\",\"url\":\"https:\\\/\\\/farmacia.saude.pe.gov.br\\\/wp-content\\\/uploads\\\/2023\\\/08\\\/logoFarmacia.jpg\",\"contentUrl\":\"https:\\\/\\\/farmacia.saude.pe.gov.br\\\/wp-content\\\/uploads\\\/2023\\\/08\\\/logoFarmacia.jpg\",\"width\":490,\"height\":223,\"caption\":\"Farm\u00e1cia de Pernambuco\"},\"image\":{\"@id\":\"https:\\\/\\\/farmacia.saude.pe.gov.br\\\/#\\\/schema\\\/logo\\\/image\\\/\"}}]}<\/script>\n<!-- \/ Yoast SEO plugin. -->","yoast_head_json":{"title":"Como obter - Farm\u00e1cia de Pernambuco","robots":{"index":"index","follow":"follow","max-snippet":"max-snippet:-1","max-image-preview":"max-image-preview:large","max-video-preview":"max-video-preview:-1"},"canonical":"https:\/\/farmacia.saude.pe.gov.br\/?page_id=3827","og_locale":"pt_BR","og_type":"article","og_title":"Como obter - Farm\u00e1cia de Pernambuco","og_description":"Como obter medicamentos no SUS-PE Veja a Carta de Servi\u00e7o ao Usu\u00e1rio CLIQUE AQUI Conhe\u00e7a a Rela\u00e7\u00e3o Estadual de Medicamentos 2025 \u2013 REESME Sendo seu medicamento contemplado nas Farm\u00e1cias de Pernambuco, saiba quais documentos s\u00e3o necess\u00e1rios. LME \u2013 Laudo de Solicita\u00e7\u00e3o, Avalia\u00e7\u00e3o e Autoriza\u00e7\u00e3o de Medicamento do Componente Especializado da Assist\u00eancia Farmac\u00eautica; o TER \u2013 [&hellip;]","og_url":"https:\/\/farmacia.saude.pe.gov.br\/?page_id=3827","og_site_name":"Farm\u00e1cia de Pernambuco","article_modified_time":"2025-12-07T21:56:36+00:00","twitter_card":"summary_large_image","twitter_misc":{"Est. tempo de leitura":"2 minutos"},"schema":{"@context":"https:\/\/schema.org","@graph":[{"@type":"WebPage","@id":"https:\/\/farmacia.saude.pe.gov.br\/?page_id=3827","url":"https:\/\/farmacia.saude.pe.gov.br\/?page_id=3827","name":"Como obter - Farm\u00e1cia de Pernambuco","isPartOf":{"@id":"https:\/\/farmacia.saude.pe.gov.br\/#website"},"datePublished":"2025-06-25T13:21:34+00:00","dateModified":"2025-12-07T21:56:36+00:00","breadcrumb":{"@id":"https:\/\/farmacia.saude.pe.gov.br\/?page_id=3827#breadcrumb"},"inLanguage":"pt-BR","potentialAction":[{"@type":"ReadAction","target":["https:\/\/farmacia.saude.pe.gov.br\/?page_id=3827"]}]},{"@type":"BreadcrumbList","@id":"https:\/\/farmacia.saude.pe.gov.br\/?page_id=3827#breadcrumb","itemListElement":[{"@type":"ListItem","position":1,"name":"Home","item":"https:\/\/farmacia.saude.pe.gov.br\/"},{"@type":"ListItem","position":2,"name":"Como obter"}]},{"@type":"WebSite","@id":"https:\/\/farmacia.saude.pe.gov.br\/#website","url":"https:\/\/farmacia.saude.pe.gov.br\/","name":"Farm\u00e1cia de Pernambuco","description":"","publisher":{"@id":"https:\/\/farmacia.saude.pe.gov.br\/#organization"},"potentialAction":[{"@type":"SearchAction","target":{"@type":"EntryPoint","urlTemplate":"https:\/\/farmacia.saude.pe.gov.br\/?s={search_term_string}"},"query-input":{"@type":"PropertyValueSpecification","valueRequired":true,"valueName":"search_term_string"}}],"inLanguage":"pt-BR"},{"@type":"Organization","@id":"https:\/\/farmacia.saude.pe.gov.br\/#organization","name":"Farm\u00e1cia de Pernambuco","url":"https:\/\/farmacia.saude.pe.gov.br\/","logo":{"@type":"ImageObject","inLanguage":"pt-BR","@id":"https:\/\/farmacia.saude.pe.gov.br\/#\/schema\/logo\/image\/","url":"https:\/\/farmacia.saude.pe.gov.br\/wp-content\/uploads\/2023\/08\/logoFarmacia.jpg","contentUrl":"https:\/\/farmacia.saude.pe.gov.br\/wp-content\/uploads\/2023\/08\/logoFarmacia.jpg","width":490,"height":223,"caption":"Farm\u00e1cia de Pernambuco"},"image":{"@id":"https:\/\/farmacia.saude.pe.gov.br\/#\/schema\/logo\/image\/"}}]}},"_links":{"self":[{"href":"https:\/\/farmacia.saude.pe.gov.br\/index.php?rest_route=\/wp\/v2\/pages\/3827","targetHints":{"allow":["GET"]}}],"collection":[{"href":"https:\/\/farmacia.saude.pe.gov.br\/index.php?rest_route=\/wp\/v2\/pages"}],"about":[{"href":"https:\/\/farmacia.saude.pe.gov.br\/index.php?rest_route=\/wp\/v2\/types\/page"}],"author":[{"embeddable":true,"href":"https:\/\/farmacia.saude.pe.gov.br\/index.php?rest_route=\/wp\/v2\/users\/5"}],"replies":[{"embeddable":true,"href":"https:\/\/farmacia.saude.pe.gov.br\/index.php?rest_route=%2Fwp%2Fv2%2Fcomments&post=3827"}],"version-history":[{"count":31,"href":"https:\/\/farmacia.saude.pe.gov.br\/index.php?rest_route=\/wp\/v2\/pages\/3827\/revisions"}],"predecessor-version":[{"id":6220,"href":"https:\/\/farmacia.saude.pe.gov.br\/index.php?rest_route=\/wp\/v2\/pages\/3827\/revisions\/6220"}],"wp:attachment":[{"href":"https:\/\/farmacia.saude.pe.gov.br\/index.php?rest_route=%2Fwp%2Fv2%2Fmedia&parent=3827"}],"curies":[{"name":"wp","href":"https:\/\/api.w.org\/{rel}","templated":true}]}}