{"id":3862,"date":"2025-06-25T11:45:26","date_gmt":"2025-06-25T14:45:26","guid":{"rendered":"https:\/\/farmacia-homologacao.saude.pe.gov.br\/?page_id=3862"},"modified":"2025-11-12T15:05:34","modified_gmt":"2025-11-12T18:05:34","slug":"reesme","status":"publish","type":"page","link":"https:\/\/farmacia.saude.pe.gov.br\/?page_id=3862","title":{"rendered":"REESME"},"content":{"rendered":"\t\t<div data-elementor-type=\"wp-page\" data-elementor-id=\"3862\" class=\"elementor elementor-3862\" data-elementor-post-type=\"page\">\n\t\t\t\t<div class=\"elementor-element elementor-element-033326d e-flex e-con-boxed e-con e-parent\" data-id=\"033326d\" data-element_type=\"container\" data-e-type=\"container\" data-settings=\"{&quot;jet_parallax_layout_list&quot;:[]}\">\n\t\t\t\t\t<div class=\"e-con-inner\">\n\t\t\t\t<div class=\"elementor-element elementor-element-f3e818d elementor-widget elementor-widget-heading\" data-id=\"f3e818d\" data-element_type=\"widget\" data-e-type=\"widget\" data-widget_type=\"heading.default\">\n\t\t\t\t<div class=\"elementor-widget-container\">\n\t\t\t\t\t<h2 class=\"elementor-heading-title elementor-size-default\">REESME<\/h2>\t\t\t\t<\/div>\n\t\t\t\t<\/div>\n\t\t\t\t<div class=\"elementor-element elementor-element-75297d0 elementor-widget elementor-widget-text-editor\" data-id=\"75297d0\" data-element_type=\"widget\" data-e-type=\"widget\" data-widget_type=\"text-editor.default\">\n\t\t\t\t<div class=\"elementor-widget-container\">\n\t\t\t\t\t\t\t\t\t<p>Acesse aqui a Rela\u00e7\u00e3o Estadual de Medicamentos<\/p>\t\t\t\t\t\t\t\t<\/div>\n\t\t\t\t<\/div>\n\t\t\t\t<div class=\"elementor-element elementor-element-fe903de elementor-widget elementor-widget-button\" data-id=\"fe903de\" data-element_type=\"widget\" data-e-type=\"widget\" data-widget_type=\"button.default\">\n\t\t\t\t<div class=\"elementor-widget-container\">\n\t\t\t\t\t\t\t\t\t<div class=\"elementor-button-wrapper\">\n\t\t\t\t\t<a class=\"elementor-button elementor-button-link elementor-size-sm\" href=\"http:\/\/farmacia.saude.pe.gov.br\/wp-content\/uploads\/2025\/11\/REESME-2025.pdf\" target=\"_blank\">\n\t\t\t\t\t\t<span class=\"elementor-button-content-wrapper\">\n\t\t\t\t\t\t<span class=\"elementor-button-icon\">\n\t\t\t\t<i aria-hidden=\"true\" class=\"fas fa-download\"><\/i>\t\t\t<\/span>\n\t\t\t\t\t\t\t\t\t<span class=\"elementor-button-text\">Abrir Anexo<\/span>\n\t\t\t\t\t<\/span>\n\t\t\t\t\t<\/a>\n\t\t\t\t<\/div>\n\t\t\t\t\t\t\t\t<\/div>\n\t\t\t\t<\/div>\n\t\t\t\t\t<\/div>\n\t\t\t\t<\/div>\n\t\t<div class=\"elementor-element elementor-element-e8e00b6 e-flex e-con-boxed e-con e-parent\" data-id=\"e8e00b6\" data-element_type=\"container\" data-e-type=\"container\" data-settings=\"{&quot;jet_parallax_layout_list&quot;:[]}\">\n\t\t\t\t\t<div class=\"e-con-inner\">\n\t\t<div class=\"elementor-element elementor-element-b9aec68 e-con-full e-flex e-con e-child\" data-id=\"b9aec68\" data-element_type=\"container\" data-e-type=\"container\" data-settings=\"{&quot;jet_parallax_layout_list&quot;:[]}\">\n\t\t\t\t<div class=\"elementor-element elementor-element-1d622c9 elementor-widget elementor-widget-heading\" data-id=\"1d622c9\" data-element_type=\"widget\" data-e-type=\"widget\" data-widget_type=\"heading.default\">\n\t\t\t\t<div class=\"elementor-widget-container\">\n\t\t\t\t\t<h3 class=\"elementor-heading-title elementor-size-default\">Outros links<\/h3>\t\t\t\t<\/div>\n\t\t\t\t<\/div>\n\t\t\t\t<div class=\"elementor-element elementor-element-52bebfe elementor-widget elementor-widget-ucaddon_card_carousel\" data-id=\"52bebfe\" data-element_type=\"widget\" data-e-type=\"widget\" data-widget_type=\"ucaddon_card_carousel.default\">\n\t\t\t\t<div class=\"elementor-widget-container\">\n\t\t\t\t\t\n<!-- start Card Carousel -->\n\t\t<link id='font-awesome-css' href='https:\/\/farmacia.saude.pe.gov.br\/wp-content\/plugins\/unlimited-elements-for-elementor\/assets_libraries\/font-awesome6\/fontawesome-all.min.css' type='text\/css' rel='stylesheet' >\n\t\t<link id='font-awesome-4-shim-css' href='https:\/\/farmacia.saude.pe.gov.br\/wp-content\/plugins\/unlimited-elements-for-elementor\/assets_libraries\/font-awesome6\/fontawesome-v4-shims.min.css' type='text\/css' rel='stylesheet' >\n\t\t<link id='owl-carousel-css' href='https:\/\/farmacia.saude.pe.gov.br\/wp-content\/plugins\/unlimited-elements-for-elementor\/assets_libraries\/owl-carousel-new\/assets\/owl.carousel.css' type='text\/css' rel='stylesheet' >\n\n<style>\/* widget: Card Carousel *\/\n\n#uc_card_carousel_elementor_52bebfe-wrapper\n{\n  min-height:1px;\n}\n#uc_card_carousel_elementor_52bebfe *{\n\t-webkit-box-sizing: border-box;\n\t-moz-box-sizing: border-box;\n\tbox-sizing: border-box;\n}\n\n#uc_card_carousel_elementor_52bebfe .ue-carousel-item\n{\n  overflow:hidden;\n  transition:0.3s;\n}\n\n#uc_card_carousel_elementor_52bebfe .uc_classic_carousel_container_holder\n{\n\tdisplay:block;\n\tposition:relative;\n\twidth:100%;\n    box-sizing: border-box;\n}\n#uc_card_carousel_elementor_52bebfe .uc_classic_carousel_placeholder{\n   position:relative;\n}\n\n#uc_card_carousel_elementor_52bebfe .uc_classic_carousel_placeholder img, #uc_card_carousel_elementor_52bebfe .ue_card_carousel_image_overlay\n{\n  transition: all 300ms;\n}\n\n.card_carousel_title\n{\n\tfont-size:21px;\n}\n\n.uc_classic_carousel .uc_classic_carousel_border\n{\n\tdisplay:block;\n    margin:0 auto;\n}\n\n.uc_classic_carousel  .uc_classic_carousel_placeholder img\n{\n\twidth:100%;\n    \n    display:inline-flex;\n}\n.uc_classic_carousel .uc_classic_carousel_content\n{\n  display: flex;\n flex-flow: column nowrap;\n}\n\n.uc_classic_carousel .ue_button\n{\n  margin-top:auto;\n\n}\n\n.uc_classic_carousel .uc_classic_carousel_content .uc_more_btn {\n\tdisplay:inline-block;\n\ttext-decoration:none;\n\ttransition: all 0.5s ease;\n}\n\n\n#uc_card_carousel_elementor_52bebfe .owl-dots {\noverflow:hidden;\ntext-align:center;\n}\n\n#uc_card_carousel_elementor_52bebfe .owl-dot {\nborder-radius:50%;\ndisplay:inline-block;\n}\n\n#uc_card_carousel_elementor_52bebfe .owl-nav .owl-prev{\n    position:absolute;\n    display:inline-block;\n    text-align:center;\n}\n#uc_card_carousel_elementor_52bebfe .owl-nav .owl-next{\n  position:absolute;\n  display:inline-block;\n  text-align:center;\n}\n\n#uc_card_carousel_elementor_52bebfe .owl-nav .disabled\n{\n    display: none;  \n}\n\n\n#uc_card_carousel_elementor_52bebfe .ue-item-icon\n{\n  line-height:1em;\n  display:inline-flex;\n  justify-content:center;\n  align-items:center;\n  \n}\n\n#uc_card_carousel_elementor_52bebfe .ue-item-icon svg\n{\n  height:1em;\n  width:1em;\n}\n\n#uc_card_carousel_elementor_52bebfe .ue-item-icon-wrapper\n{\n  display:flex;\n}\n\n#uc_card_carousel_elementor_52bebfe .uc_classic_carousel_container_holder {\n\t max-width: ;\n}\n\n\n\n@media screen and (max-width: 1024px) {\n  #uc_card_carousel_elementor_52bebfe .uc_classic_carousel_container_holder {\n\t max-width: ;\n  }\n}\n\n@media screen and (max-width: 767px) {\n  #uc_card_carousel_elementor_52bebfe .uc_classic_carousel_container_holder {\n    max-width: ;\n  }\n}\n\n<\/style>\n\n<div class=\"uc_classic_carousel\" id=\"uc_card_carousel_elementor_52bebfe-wrapper\">\n        <div class=\"uc_carousel owl-carousel uc-items-wrapper  \" id=\"uc_card_carousel_elementor_52bebfe\"  >\n          \t<div class=\"uc_classic_carousel_container_holder ue-item elementor-repeater-item-e9b5fbd\">\n  <div class=\"ue-carousel-item\">\n      <div class=\"uc_classic_carousel_content\" style=\"direction:ltr;\">\n    \n    \n          <div class=\"ue-item-icon-wrapper\">\n         <div class=\"ue-item-icon\"><img src='http:\/\/www.pe.gov.br\/wp-content\/uploads\/2023\/08\/icon5.svg' class='uc-svg-image'><\/div>\n      <\/div>\n        \n          \t\n      <div  class=\"card_carousel_title\">SEI<\/div>\n          \t\n    \n      \n    <p class=\"card_carousel_text\">O Sistema Eletr\u00f4nico de Informa\u00e7\u00f5es <\/p>    \n    \n    \t\n    \n    \n        \t \n              <div class=\"ue_button\"><a class=\"uc_more_btn \" href=\"https:\/\/www.portalsei.pe.gov.br\/\" title=\"Acessar\"  target='_blank'>Acessar<\/a><\/div>\n        \t    \n    \t\n  <\/div>\n  <\/div>\n<\/div>\n<div class=\"uc_classic_carousel_container_holder ue-item elementor-repeater-item-981c353\">\n  <div class=\"ue-carousel-item\">\n      <div class=\"uc_classic_carousel_content\" style=\"direction:ltr;\">\n    \n    \n          <div class=\"ue-item-icon-wrapper\">\n         <div class=\"ue-item-icon\"><img src='http:\/\/www.pe.gov.br\/wp-content\/uploads\/2023\/08\/icon3.svg' class='uc-svg-image'><\/div>\n      <\/div>\n        \n          \t\n      <div  class=\"card_carousel_title\">CNES<\/div>\n          \t\n    \n      \n    <p class=\"card_carousel_text\">Cadastro Nacional de Estabelecimento de Sa\u00fade<\/p>    \n    \n    \t\n    \n    \n        \t \n              <div class=\"ue_button\"><a class=\"uc_more_btn \" href=\"http:\/\/cnes.datasus.gov.br\/\" title=\"Acessar\"  target='_blank'>Acessar<\/a><\/div>\n        \t    \n    \t\n  <\/div>\n  <\/div>\n<\/div>\n<div class=\"uc_classic_carousel_container_holder ue-item elementor-repeater-item-415b386\">\n  <div class=\"ue-carousel-item\">\n      <div class=\"uc_classic_carousel_content\" style=\"direction:ltr;\">\n    \n    \n          <div class=\"ue-item-icon-wrapper\">\n         <div class=\"ue-item-icon\"><img src='http:\/\/www.pe.gov.br\/wp-content\/uploads\/2023\/08\/icon2.svg' class='uc-svg-image'><\/div>\n      <\/div>\n        \n          \t\n      <div  class=\"card_carousel_title\">Ouvidoria<\/div>\n          \t\n    \n      \n    <p class=\"card_carousel_text\">Sugira, elogie, reclame ou denuncie os servi\u00e7os ou condutas do estado<\/p>    \n    \n    \t\n    \n    \n        \t \n              <div class=\"ue_button\"><a class=\"uc_more_btn \" href=\"https:\/\/portal.saude.pe.gov.br\/ouvidoria\/\" title=\"Acessar\"  target='_blank'>Acessar<\/a><\/div>\n        \t    \n    \t\n  <\/div>\n  <\/div>\n<\/div>\n<div class=\"uc_classic_carousel_container_holder ue-item elementor-repeater-item-756a297\">\n  <div class=\"ue-carousel-item\">\n      <div class=\"uc_classic_carousel_content\" style=\"direction:ltr;\">\n    \n    \n          <div class=\"ue-item-icon-wrapper\">\n         <div class=\"ue-item-icon\"><i class='fas fa-desktop'><\/i><\/div>\n      <\/div>\n        \n          \t\n      <div  class=\"card_carousel_title\">Sistema H\u00d3RUS<\/div>\n          \t\n    \n      \n    <p class=\"card_carousel_text\">Sistema que controla a dispensa\u00e7\u00e3o de medicamentos especializados no SUS.<\/p>    \n    \n    \t\n    \n    \n        \t \n              <div class=\"ue_button\"><a class=\"uc_more_btn \" href=\"https:\/\/scaweb.saude.gov.br\/scaweb\/\" title=\"Acessar\"  target='_blank'>Acessar<\/a><\/div>\n        \t    \n    \t\n  <\/div>\n  <\/div>\n<\/div>\n\n      <\/div>\n<\/div>\n<!-- end Card Carousel -->\t\t\t\t<\/div>\n\t\t\t\t<\/div>\n\t\t\t\t<\/div>\n\t\t\t\t\t<\/div>\n\t\t\t\t<\/div>\n\t\t\t\t<\/div>\n\t\t","protected":false},"excerpt":{"rendered":"<p>REESME Acesse aqui a Rela\u00e7\u00e3o Estadual de Medicamentos Abrir Anexo Outros links SEI O Sistema Eletr\u00f4nico de Informa\u00e7\u00f5es Acessar CNES Cadastro Nacional de Estabelecimento de Sa\u00fade Acessar Ouvidoria Sugira, elogie, reclame ou denuncie os servi\u00e7os ou condutas do estado Acessar Sistema H\u00d3RUS Sistema que controla a dispensa\u00e7\u00e3o de medicamentos especializados no SUS. Acessar<\/p>\n","protected":false},"author":5,"featured_media":0,"parent":0,"menu_order":0,"comment_status":"closed","ping_status":"closed","template":"","meta":{"footnotes":""},"class_list":["post-3862","page","type-page","status-publish","hentry"],"yoast_head":"<!-- This site is optimized with the Yoast SEO plugin v27.5 - https:\/\/yoast.com\/product\/yoast-seo-wordpress\/ -->\n<title>REESME - Farm\u00e1cia de Pernambuco<\/title>\n<meta name=\"robots\" content=\"index, follow, max-snippet:-1, max-image-preview:large, max-video-preview:-1\" \/>\n<link rel=\"canonical\" href=\"https:\/\/farmacia.saude.pe.gov.br\/?page_id=3862\" \/>\n<meta property=\"og:locale\" content=\"pt_BR\" \/>\n<meta property=\"og:type\" content=\"article\" \/>\n<meta property=\"og:title\" content=\"REESME - Farm\u00e1cia de Pernambuco\" \/>\n<meta property=\"og:description\" content=\"REESME Acesse aqui a Rela\u00e7\u00e3o Estadual de Medicamentos Abrir Anexo Outros links SEI O Sistema Eletr\u00f4nico de Informa\u00e7\u00f5es Acessar CNES Cadastro Nacional de Estabelecimento de Sa\u00fade Acessar Ouvidoria Sugira, elogie, reclame ou denuncie os servi\u00e7os ou condutas do estado Acessar Sistema H\u00d3RUS Sistema que controla a dispensa\u00e7\u00e3o de medicamentos especializados no SUS. Acessar\" \/>\n<meta property=\"og:url\" content=\"https:\/\/farmacia.saude.pe.gov.br\/?page_id=3862\" \/>\n<meta property=\"og:site_name\" content=\"Farm\u00e1cia de Pernambuco\" \/>\n<meta property=\"article:modified_time\" content=\"2025-11-12T18:05:34+00:00\" \/>\n<meta property=\"og:image\" content=\"http:\/\/www.pe.gov.br\/wp-content\/uploads\/2023\/08\/icon5.svg\" \/>\n<meta name=\"twitter:card\" content=\"summary_large_image\" \/>\n<meta name=\"twitter:label1\" content=\"Est. tempo de leitura\" \/>\n\t<meta name=\"twitter:data1\" content=\"3 minutos\" \/>\n<script type=\"application\/ld+json\" class=\"yoast-schema-graph\">{\"@context\":\"https:\\\/\\\/schema.org\",\"@graph\":[{\"@type\":\"WebPage\",\"@id\":\"https:\\\/\\\/farmacia.saude.pe.gov.br\\\/?page_id=3862\",\"url\":\"https:\\\/\\\/farmacia.saude.pe.gov.br\\\/?page_id=3862\",\"name\":\"REESME - Farm\u00e1cia de Pernambuco\",\"isPartOf\":{\"@id\":\"https:\\\/\\\/farmacia.saude.pe.gov.br\\\/#website\"},\"primaryImageOfPage\":{\"@id\":\"https:\\\/\\\/farmacia.saude.pe.gov.br\\\/?page_id=3862#primaryimage\"},\"image\":{\"@id\":\"https:\\\/\\\/farmacia.saude.pe.gov.br\\\/?page_id=3862#primaryimage\"},\"thumbnailUrl\":\"http:\\\/\\\/www.pe.gov.br\\\/wp-content\\\/uploads\\\/2023\\\/08\\\/icon5.svg\",\"datePublished\":\"2025-06-25T14:45:26+00:00\",\"dateModified\":\"2025-11-12T18:05:34+00:00\",\"breadcrumb\":{\"@id\":\"https:\\\/\\\/farmacia.saude.pe.gov.br\\\/?page_id=3862#breadcrumb\"},\"inLanguage\":\"pt-BR\",\"potentialAction\":[{\"@type\":\"ReadAction\",\"target\":[\"https:\\\/\\\/farmacia.saude.pe.gov.br\\\/?page_id=3862\"]}]},{\"@type\":\"ImageObject\",\"inLanguage\":\"pt-BR\",\"@id\":\"https:\\\/\\\/farmacia.saude.pe.gov.br\\\/?page_id=3862#primaryimage\",\"url\":\"http:\\\/\\\/www.pe.gov.br\\\/wp-content\\\/uploads\\\/2023\\\/08\\\/icon5.svg\",\"contentUrl\":\"http:\\\/\\\/www.pe.gov.br\\\/wp-content\\\/uploads\\\/2023\\\/08\\\/icon5.svg\"},{\"@type\":\"BreadcrumbList\",\"@id\":\"https:\\\/\\\/farmacia.saude.pe.gov.br\\\/?page_id=3862#breadcrumb\",\"itemListElement\":[{\"@type\":\"ListItem\",\"position\":1,\"name\":\"Home\",\"item\":\"https:\\\/\\\/farmacia.saude.pe.gov.br\\\/\"},{\"@type\":\"ListItem\",\"position\":2,\"name\":\"REESME\"}]},{\"@type\":\"WebSite\",\"@id\":\"https:\\\/\\\/farmacia.saude.pe.gov.br\\\/#website\",\"url\":\"https:\\\/\\\/farmacia.saude.pe.gov.br\\\/\",\"name\":\"Farm\u00e1cia de Pernambuco\",\"description\":\"\",\"publisher\":{\"@id\":\"https:\\\/\\\/farmacia.saude.pe.gov.br\\\/#organization\"},\"potentialAction\":[{\"@type\":\"SearchAction\",\"target\":{\"@type\":\"EntryPoint\",\"urlTemplate\":\"https:\\\/\\\/farmacia.saude.pe.gov.br\\\/?s={search_term_string}\"},\"query-input\":{\"@type\":\"PropertyValueSpecification\",\"valueRequired\":true,\"valueName\":\"search_term_string\"}}],\"inLanguage\":\"pt-BR\"},{\"@type\":\"Organization\",\"@id\":\"https:\\\/\\\/farmacia.saude.pe.gov.br\\\/#organization\",\"name\":\"Farm\u00e1cia de Pernambuco\",\"url\":\"https:\\\/\\\/farmacia.saude.pe.gov.br\\\/\",\"logo\":{\"@type\":\"ImageObject\",\"inLanguage\":\"pt-BR\",\"@id\":\"https:\\\/\\\/farmacia.saude.pe.gov.br\\\/#\\\/schema\\\/logo\\\/image\\\/\",\"url\":\"https:\\\/\\\/farmacia.saude.pe.gov.br\\\/wp-content\\\/uploads\\\/2023\\\/08\\\/logoFarmacia.jpg\",\"contentUrl\":\"https:\\\/\\\/farmacia.saude.pe.gov.br\\\/wp-content\\\/uploads\\\/2023\\\/08\\\/logoFarmacia.jpg\",\"width\":490,\"height\":223,\"caption\":\"Farm\u00e1cia de Pernambuco\"},\"image\":{\"@id\":\"https:\\\/\\\/farmacia.saude.pe.gov.br\\\/#\\\/schema\\\/logo\\\/image\\\/\"}}]}<\/script>\n<!-- \/ Yoast SEO plugin. -->","yoast_head_json":{"title":"REESME - Farm\u00e1cia de Pernambuco","robots":{"index":"index","follow":"follow","max-snippet":"max-snippet:-1","max-image-preview":"max-image-preview:large","max-video-preview":"max-video-preview:-1"},"canonical":"https:\/\/farmacia.saude.pe.gov.br\/?page_id=3862","og_locale":"pt_BR","og_type":"article","og_title":"REESME - Farm\u00e1cia de Pernambuco","og_description":"REESME Acesse aqui a Rela\u00e7\u00e3o Estadual de Medicamentos Abrir Anexo Outros links SEI O Sistema Eletr\u00f4nico de Informa\u00e7\u00f5es Acessar CNES Cadastro Nacional de Estabelecimento de Sa\u00fade Acessar Ouvidoria Sugira, elogie, reclame ou denuncie os servi\u00e7os ou condutas do estado Acessar Sistema H\u00d3RUS Sistema que controla a dispensa\u00e7\u00e3o de medicamentos especializados no SUS. Acessar","og_url":"https:\/\/farmacia.saude.pe.gov.br\/?page_id=3862","og_site_name":"Farm\u00e1cia de Pernambuco","article_modified_time":"2025-11-12T18:05:34+00:00","og_image":[{"url":"http:\/\/www.pe.gov.br\/wp-content\/uploads\/2023\/08\/icon5.svg","type":"","width":"","height":""}],"twitter_card":"summary_large_image","twitter_misc":{"Est. tempo de leitura":"3 minutos"},"schema":{"@context":"https:\/\/schema.org","@graph":[{"@type":"WebPage","@id":"https:\/\/farmacia.saude.pe.gov.br\/?page_id=3862","url":"https:\/\/farmacia.saude.pe.gov.br\/?page_id=3862","name":"REESME - Farm\u00e1cia de Pernambuco","isPartOf":{"@id":"https:\/\/farmacia.saude.pe.gov.br\/#website"},"primaryImageOfPage":{"@id":"https:\/\/farmacia.saude.pe.gov.br\/?page_id=3862#primaryimage"},"image":{"@id":"https:\/\/farmacia.saude.pe.gov.br\/?page_id=3862#primaryimage"},"thumbnailUrl":"http:\/\/www.pe.gov.br\/wp-content\/uploads\/2023\/08\/icon5.svg","datePublished":"2025-06-25T14:45:26+00:00","dateModified":"2025-11-12T18:05:34+00:00","breadcrumb":{"@id":"https:\/\/farmacia.saude.pe.gov.br\/?page_id=3862#breadcrumb"},"inLanguage":"pt-BR","potentialAction":[{"@type":"ReadAction","target":["https:\/\/farmacia.saude.pe.gov.br\/?page_id=3862"]}]},{"@type":"ImageObject","inLanguage":"pt-BR","@id":"https:\/\/farmacia.saude.pe.gov.br\/?page_id=3862#primaryimage","url":"http:\/\/www.pe.gov.br\/wp-content\/uploads\/2023\/08\/icon5.svg","contentUrl":"http:\/\/www.pe.gov.br\/wp-content\/uploads\/2023\/08\/icon5.svg"},{"@type":"BreadcrumbList","@id":"https:\/\/farmacia.saude.pe.gov.br\/?page_id=3862#breadcrumb","itemListElement":[{"@type":"ListItem","position":1,"name":"Home","item":"https:\/\/farmacia.saude.pe.gov.br\/"},{"@type":"ListItem","position":2,"name":"REESME"}]},{"@type":"WebSite","@id":"https:\/\/farmacia.saude.pe.gov.br\/#website","url":"https:\/\/farmacia.saude.pe.gov.br\/","name":"Farm\u00e1cia de Pernambuco","description":"","publisher":{"@id":"https:\/\/farmacia.saude.pe.gov.br\/#organization"},"potentialAction":[{"@type":"SearchAction","target":{"@type":"EntryPoint","urlTemplate":"https:\/\/farmacia.saude.pe.gov.br\/?s={search_term_string}"},"query-input":{"@type":"PropertyValueSpecification","valueRequired":true,"valueName":"search_term_string"}}],"inLanguage":"pt-BR"},{"@type":"Organization","@id":"https:\/\/farmacia.saude.pe.gov.br\/#organization","name":"Farm\u00e1cia de Pernambuco","url":"https:\/\/farmacia.saude.pe.gov.br\/","logo":{"@type":"ImageObject","inLanguage":"pt-BR","@id":"https:\/\/farmacia.saude.pe.gov.br\/#\/schema\/logo\/image\/","url":"https:\/\/farmacia.saude.pe.gov.br\/wp-content\/uploads\/2023\/08\/logoFarmacia.jpg","contentUrl":"https:\/\/farmacia.saude.pe.gov.br\/wp-content\/uploads\/2023\/08\/logoFarmacia.jpg","width":490,"height":223,"caption":"Farm\u00e1cia de Pernambuco"},"image":{"@id":"https:\/\/farmacia.saude.pe.gov.br\/#\/schema\/logo\/image\/"}}]}},"_links":{"self":[{"href":"https:\/\/farmacia.saude.pe.gov.br\/index.php?rest_route=\/wp\/v2\/pages\/3862","targetHints":{"allow":["GET"]}}],"collection":[{"href":"https:\/\/farmacia.saude.pe.gov.br\/index.php?rest_route=\/wp\/v2\/pages"}],"about":[{"href":"https:\/\/farmacia.saude.pe.gov.br\/index.php?rest_route=\/wp\/v2\/types\/page"}],"author":[{"embeddable":true,"href":"https:\/\/farmacia.saude.pe.gov.br\/index.php?rest_route=\/wp\/v2\/users\/5"}],"replies":[{"embeddable":true,"href":"https:\/\/farmacia.saude.pe.gov.br\/index.php?rest_route=%2Fwp%2Fv2%2Fcomments&post=3862"}],"version-history":[{"count":19,"href":"https:\/\/farmacia.saude.pe.gov.br\/index.php?rest_route=\/wp\/v2\/pages\/3862\/revisions"}],"predecessor-version":[{"id":6081,"href":"https:\/\/farmacia.saude.pe.gov.br\/index.php?rest_route=\/wp\/v2\/pages\/3862\/revisions\/6081"}],"wp:attachment":[{"href":"https:\/\/farmacia.saude.pe.gov.br\/index.php?rest_route=%2Fwp%2Fv2%2Fmedia&parent=3862"}],"curies":[{"name":"wp","href":"https:\/\/api.w.org\/{rel}","templated":true}]}}