{"id":3885,"date":"2025-06-25T12:11:27","date_gmt":"2025-06-25T15:11:27","guid":{"rendered":"https:\/\/farmacia-homologacao.saude.pe.gov.br\/?page_id=3885"},"modified":"2025-07-23T20:39:53","modified_gmt":"2025-07-23T23:39:53","slug":"componente-basico-cbaf","status":"publish","type":"page","link":"https:\/\/farmacia.saude.pe.gov.br\/?page_id=3885","title":{"rendered":"Componente B\u00e1sico &#8211; CBAF"},"content":{"rendered":"\t\t<div data-elementor-type=\"wp-page\" data-elementor-id=\"3885\" class=\"elementor elementor-3885\" data-elementor-post-type=\"page\">\n\t\t\t\t<div class=\"elementor-element elementor-element-d661096 e-flex e-con-boxed e-con e-parent\" data-id=\"d661096\" data-element_type=\"container\" data-e-type=\"container\" data-settings=\"{&quot;jet_parallax_layout_list&quot;:[]}\">\n\t\t\t\t\t<div class=\"e-con-inner\">\n\t\t\t\t<div class=\"elementor-element elementor-element-446e58d elementor-widget elementor-widget-heading\" data-id=\"446e58d\" data-element_type=\"widget\" data-e-type=\"widget\" data-widget_type=\"heading.default\">\n\t\t\t\t<div class=\"elementor-widget-container\">\n\t\t\t\t\t<h2 class=\"elementor-heading-title elementor-size-default\">Componente B\u00e1sico - CBAF<\/h2>\t\t\t\t<\/div>\n\t\t\t\t<\/div>\n\t\t\t\t<div class=\"elementor-element elementor-element-dd01303 elementor-widget elementor-widget-text-editor\" data-id=\"dd01303\" data-element_type=\"widget\" data-e-type=\"widget\" data-widget_type=\"text-editor.default\">\n\t\t\t\t<div class=\"elementor-widget-container\">\n\t\t\t\t\t\t\t\t\t<p>A <strong>Assist\u00eancia Farmac\u00eautica na Aten\u00e7\u00e3o B\u00e1sica em Sa\u00fade<\/strong> \u00e9 parte da Pol\u00edtica Nacional de Assist\u00eancia Farmac\u00eautica do Sistema \u00danico de Sa\u00fade \u2013 SUS. Envolve um grupo de a\u00e7\u00f5es desenvolvidas de forma articulada pelo Minist\u00e9rio da Sa\u00fade, Secretarias Estaduais e Municipais de Sa\u00fade e do Distrito Federal, para garantir o custeio e o fornecimento dos medicamentos e insumos essenciais presentes na <a href=\"https:\/\/farmacia-homologacao.saude.pe.gov.br\/wp-content\/uploads\/2025\/06\/relacao_nacional_medicamentos_2024.pdf\" target=\"_blank\" rel=\"noopener\">RENAME<\/a> vigente, destinados ao atendimento dos agravos prevalentes e priorit\u00e1rios da Aten\u00e7\u00e3o B\u00e1sica. Seu financiamento e execu\u00e7\u00e3o encontram-se normatizados pela <a href=\"https:\/\/farmacia-homologacao.saude.pe.gov.br\/wp-content\/uploads\/2025\/06\/portaria_n_1.555_de_30_de_julho_de_2013.pdf\" target=\"_blank\" rel=\"noopener\">Portaria GM\/MS n\u00b0 1.555 de 30 de julho de 2013<\/a>.<\/p><p>O Componente B\u00e1sico da Assist\u00eancia Farmac\u00eautica destina-se ao fornecimento dos medicamentos e insumos para o tratamento precoce e adequado dos problemas mais comuns e\/ou priorit\u00e1rios, pass\u00edveis de atendimento em n\u00edvel b\u00e1sico, incluindo aqueles relacionados a agravos e programas de sa\u00fade espec\u00edficos. A execu\u00e7\u00e3o das a\u00e7\u00f5es e servi\u00e7os de sa\u00fade do Componente B\u00e1sico da Assist\u00eancia Farmac\u00eautica \u00e9 descentralizada, conforme a <a href=\"https:\/\/farmacia-homologacao.saude.pe.gov.br\/wp-content\/uploads\/2025\/06\/resol_2889_contrapartida_ses_farmacia_basica_0.pdf\" target=\"_blank\" rel=\"noopener\">RESOLU\u00c7\u00c3O CIB\/PE N\u00b0 2889, DE 14 DE JUNHO DE 2016<\/a>, que define as normas de financiamento da Assist\u00eancia Farmac\u00eautica na Aten\u00e7\u00e3o B\u00e1sica \u00e0 Sa\u00fade no estado de Pernambuco e a <a href=\"https:\/\/farmacia-homologacao.saude.pe.gov.br\/wp-content\/uploads\/2025\/06\/resol_3046_contrapartida_financeira_por_parte_da_ses_para_os_municipios_referente_a_assistencia_farmaceutica_basica_2017-4.pdf\" target=\"_blank\" rel=\"noopener\">Resolu\u00e7\u00e3o CIB 3046 de 04 de setembro de 2017<\/a>, <strong>altera o artigo 3\u00ba da Resolu\u00e7\u00e3o CIB n\u00ba 2889\/2016<\/strong>, que define a forma de pactua\u00e7\u00e3o da contrapartida financeira por parte da SES-PE para os munic\u00edpios, referente a assist\u00eancia farmac\u00eautica b\u00e1sica no estado de Pernambuco.<\/p><p>De acordo com o Art. 4\u00ba da Portaria GM\/MS n\u00ba 1555\/2013, as Secretarias de Sa\u00fade do Distrito Federal e dos Munic\u00edpios poder\u00e3o, anualmente, utilizar um percentual de at\u00e9 15% (quinze por cento) da soma dos valores dos recursos financeiros, definidos nos termos dos incisos II, III e \u00a7 1\u00ba do art. 3\u00ba, para atividades destinadas \u00e0 adequa\u00e7\u00e3o de espa\u00e7o f\u00edsico das farm\u00e1cias do SUS no Distrito Federal e nos Munic\u00edpios, \u00e0 aquisi\u00e7\u00e3o de equipamentos e mobili\u00e1rio destinados ao suporte das a\u00e7\u00f5es de Assist\u00eancia Farmac\u00eautica e \u00e0 realiza\u00e7\u00e3o de atividades vinculadas \u00e0 educa\u00e7\u00e3o continuada voltada \u00e0 qualifica\u00e7\u00e3o dos recursos humanos da Assist\u00eancia Farmac\u00eautica na Aten\u00e7\u00e3o B\u00e1sica \u00e0 Sa\u00fade, obedecida a Lei n\u00ba 4.320, de 17 de mar\u00e7o de 1964, e as leis or\u00e7ament\u00e1rias vigentes, sendo vedada a utiliza\u00e7\u00e3o dos recursos federais para esta finalidade. Modelo do Projeto e <a href=\"https:\/\/farmacia-homologacao.saude.pe.gov.br\/wp-content\/uploads\/2025\/06\/nota_tecnica_uso_151.pdf\" target=\"_blank\" rel=\"noopener\">Nota T\u00e9cnica<\/a> para Estrutura\u00e7\u00e3o da Assist\u00eancia Farmac\u00eautica com aplica\u00e7\u00e3o dos 15%.<\/p><p>O debate sobre a Assist\u00eancia Farmac\u00eautica constitu\u00eddo nas Confer\u00eancias e Conselhos de Sa\u00fade, bem como nas Comiss\u00f5es Intergestores do Sistema de Sa\u00fade, tem constru\u00eddo respostas \u00e0 sociedade brasileira na amplia\u00e7\u00e3o do acesso aos medicamentos e estrutura\u00e7\u00e3o dos servi\u00e7os farmac\u00eauticos. Dando continuidade ao processo de qualifica\u00e7\u00e3o da Assist\u00eancia Farmac\u00eautica no Pa\u00eds s\u00e3o apresentadas diretrizes para estrutura\u00e7\u00e3o das farm\u00e1cias no \u00e2mbito do Sistema \u00danico de Sa\u00fade (SUS), concebidas no intuito de propiciar condi\u00e7\u00f5es para a dispensa\u00e7\u00e3o qualificada dos medicamentos e para o atendimento humanizado, na busca da garantia do uso racional dos medicamentos. Com base nessas informa\u00e7\u00f5es disponibilizamos as Diretrizes para estrutura\u00e7\u00e3o de farm\u00e1cias no \u00e2mbito do Sistema \u00danico de Sa\u00fade.<\/p>\t\t\t\t\t\t\t\t<\/div>\n\t\t\t\t<\/div>\n\t\t\t\t<div class=\"elementor-element elementor-element-0245a71 elementor-widget elementor-widget-heading\" data-id=\"0245a71\" data-element_type=\"widget\" data-e-type=\"widget\" data-widget_type=\"heading.default\">\n\t\t\t\t<div class=\"elementor-widget-container\">\n\t\t\t\t\t<h2 class=\"elementor-heading-title elementor-size-default\">Acesso aos medicamentos<\/h2>\t\t\t\t<\/div>\n\t\t\t\t<\/div>\n\t\t\t\t<div class=\"elementor-element elementor-element-9031d85 elementor-widget elementor-widget-text-editor\" data-id=\"9031d85\" data-element_type=\"widget\" data-e-type=\"widget\" data-widget_type=\"text-editor.default\">\n\t\t\t\t<div class=\"elementor-widget-container\">\n\t\t\t\t\t\t\t\t\t<p>Para que o usu\u00e1rio tenha acesso aos medicamentos da Aten\u00e7\u00e3o B\u00e1sica \u00e9 necess\u00e1rio procurar a Assist\u00eancia Farmac\u00eautica do Munic\u00edpio para orienta\u00e7\u00f5es e\/ou encaminhamentos.<\/p>\t\t\t\t\t\t\t\t<\/div>\n\t\t\t\t<\/div>\n\t\t\t\t<div class=\"elementor-element elementor-element-876ac7d elementor-widget-divider--view-line elementor-widget elementor-widget-divider\" data-id=\"876ac7d\" data-element_type=\"widget\" data-e-type=\"widget\" data-widget_type=\"divider.default\">\n\t\t\t\t<div class=\"elementor-widget-container\">\n\t\t\t\t\t\t\t<div class=\"elementor-divider\">\n\t\t\t<span class=\"elementor-divider-separator\">\n\t\t\t\t\t\t<\/span>\n\t\t<\/div>\n\t\t\t\t\t\t<\/div>\n\t\t\t\t<\/div>\n\t\t\t\t<div class=\"elementor-element elementor-element-b99f371 elementor-widget elementor-widget-heading\" data-id=\"b99f371\" data-element_type=\"widget\" data-e-type=\"widget\" data-widget_type=\"heading.default\">\n\t\t\t\t<div class=\"elementor-widget-container\">\n\t\t\t\t\t<h2 class=\"elementor-heading-title elementor-size-default\">Programas da Aten\u00e7\u00e3o B\u00e1sica:<\/h2>\t\t\t\t<\/div>\n\t\t\t\t<\/div>\n\t\t<div class=\"elementor-element elementor-element-acc46b8 e-con-full e-flex e-con e-child\" data-id=\"acc46b8\" data-element_type=\"container\" data-e-type=\"container\" data-settings=\"{&quot;jet_parallax_layout_list&quot;:[]}\">\n\t\t\t\t<div class=\"elementor-element elementor-element-5af285f elementor-widget elementor-widget-heading\" data-id=\"5af285f\" data-element_type=\"widget\" data-e-type=\"widget\" data-widget_type=\"heading.default\">\n\t\t\t\t<div class=\"elementor-widget-container\">\n\t\t\t\t\t<h2 class=\"elementor-heading-title elementor-size-default\">Diabetes<\/h2>\t\t\t\t<\/div>\n\t\t\t\t<\/div>\n\t\t\t\t<div class=\"elementor-element elementor-element-5ad7eae elementor-widget elementor-widget-text-editor\" data-id=\"5ad7eae\" data-element_type=\"widget\" data-e-type=\"widget\" data-widget_type=\"text-editor.default\">\n\t\t\t\t<div class=\"elementor-widget-container\">\n\t\t\t\t\t\t\t\t\t<p>O diagn\u00f3stico, tratamento e acompanhamento dos pacientes portadores do Diabetes mellitus se d\u00e1 no \u00e2mbito da Aten\u00e7\u00e3o B\u00e1sica, sendo o SUS respons\u00e1vel pela distribui\u00e7\u00e3o gratuita de medicamentos para tratamento e monitoramento dessa doen\u00e7a.<\/p><p>Para ter acesso aos medicamentos e insumos para o monitoramento da glicemia capilar, o paciente com diabetes deve se inscrever no Programa de Diabetes, no Centro de Sa\u00fade mais pr\u00f3ximo da sua resid\u00eancia.<\/p><p><strong>Medicamentos hipoglicemiantes orais<br \/><\/strong>Glibenclamida comprimido 5 mg<br \/>Gliclazida comprimido de libera\u00e7\u00e3o controlada 30 mg<br \/>Gliclazida comprimido de libera\u00e7\u00e3o controlada 60 mg<br \/>Metformina, cloridrato comprimido 850 mg<\/p><p><strong>Insulinas<br \/><\/strong>Insulina humana NPH 100 UI\/ml<br \/>Insulina regular 100 UI\/ml<\/p><p><strong>Insumos<br \/><\/strong>Glicos\u00edmetro<br \/>Lancetas para pun\u00e7\u00e3o digital<br \/>Seringas com agulha acoplada para aplica\u00e7\u00e3o de insulina<br \/>Tiras reagentes de medida de glicemia capilar<\/p><p><strong>T\u00f3picos de interesse<\/strong><\/p><p>Lei Federal n\u00b0 11.347, de 27 de setembro de 2006 \u2013 disp\u00f5e sobre a distribui\u00e7\u00e3o gratuita de medicamentos para portadores de diabetes.<br \/>Portaria MS n\u00ba 2.583 de 10 de outubro de 2007 \u2013 define elenco de medicamentos e insumos disponibilizados pelo SUS aos portadores de diabetes mellitus.<\/p>\t\t\t\t\t\t\t\t<\/div>\n\t\t\t\t<\/div>\n\t\t\t\t<\/div>\n\t\t<div class=\"elementor-element elementor-element-c86844b e-con-full e-flex e-con e-child\" data-id=\"c86844b\" data-element_type=\"container\" data-e-type=\"container\" data-settings=\"{&quot;jet_parallax_layout_list&quot;:[]}\">\n\t\t\t\t<div class=\"elementor-element elementor-element-74fa5ae elementor-widget elementor-widget-heading\" data-id=\"74fa5ae\" data-element_type=\"widget\" data-e-type=\"widget\" data-widget_type=\"heading.default\">\n\t\t\t\t<div class=\"elementor-widget-container\">\n\t\t\t\t\t<h2 class=\"elementor-heading-title elementor-size-default\">Sa\u00fade da Mulher<\/h2>\t\t\t\t<\/div>\n\t\t\t\t<\/div>\n\t\t\t\t<div class=\"elementor-element elementor-element-eace54a elementor-widget elementor-widget-text-editor\" data-id=\"eace54a\" data-element_type=\"widget\" data-e-type=\"widget\" data-widget_type=\"text-editor.default\">\n\t\t\t\t<div class=\"elementor-widget-container\">\n\t\t\t\t\t\t\t\t\t<p>O Programa Sa\u00fade da Mulher est\u00e1 incluso entre as a\u00e7\u00f5es do SUS que garantem a Assist\u00eancia Farmac\u00eautica na Aten\u00e7\u00e3o B\u00e1sica. O financiamento e aquisi\u00e7\u00e3o dos medicamentos contraceptivos e insumos pertencentes ao Programa Sa\u00fade da Mulher \u00e9 responsabilidade do Minist\u00e9rio da Sa\u00fade.<\/p><p><strong>Anticoncepcionais e contraceptivos<br \/><\/strong>Acetato de Medroxiprogesterona 150mg\/ml (injet\u00e1vel trimestral)<br \/>Enantato de Noretisterona 50mg + Valerato de Estradiol 5mg (injet\u00e1vel mensal)<br \/>Etinilestradiol 0,03mg + Levonorgestrel 0,15mg (p\u00edlula combinada)<br \/>Levonorgestrel 0,75mg (p\u00edlula de emerg\u00eancia)<br \/>Noretisterona 0,35mg (mini-p\u00edlula)<br \/><br \/><strong>Diafragma<\/strong><br \/>Dispositivo Intra-Uterino (DIU)<\/p>\t\t\t\t\t\t\t\t<\/div>\n\t\t\t\t<\/div>\n\t\t\t\t<\/div>\n\t\t<div class=\"elementor-element elementor-element-5b8845a e-con-full e-flex e-con e-child\" data-id=\"5b8845a\" data-element_type=\"container\" data-e-type=\"container\" data-settings=\"{&quot;jet_parallax_layout_list&quot;:[]}\">\n\t\t\t\t<div class=\"elementor-element elementor-element-53ebe10 elementor-widget elementor-widget-heading\" data-id=\"53ebe10\" data-element_type=\"widget\" data-e-type=\"widget\" data-widget_type=\"heading.default\">\n\t\t\t\t<div class=\"elementor-widget-container\">\n\t\t\t\t\t<h2 class=\"elementor-heading-title elementor-size-default\">Programa de Hipertens\u00e3o Arterial<\/h2>\t\t\t\t<\/div>\n\t\t\t\t<\/div>\n\t\t\t\t<div class=\"elementor-element elementor-element-f8d9c9e elementor-widget elementor-widget-text-editor\" data-id=\"f8d9c9e\" data-element_type=\"widget\" data-e-type=\"widget\" data-widget_type=\"text-editor.default\">\n\t\t\t\t<div class=\"elementor-widget-container\">\n\t\t\t\t\t\t\t\t\t<p>O diagn\u00f3stico, tratamento e acompanhamento dos pacientes portadores de hipertens\u00e3o arterial ocorrem no \u00e2mbito da Aten\u00e7\u00e3o B\u00e1sica, sendo o SUS respons\u00e1vel pela distribui\u00e7\u00e3o gratuita de medicamentos para controle dessa doen\u00e7a. O paciente deve se inscrever no Programa de Hipertens\u00e3o no Centro de Sa\u00fade mais pr\u00f3ximo de sua resid\u00eancia, para receber orienta\u00e7\u00e3o quanto ao tratamento e monitoramento da doen\u00e7a.<\/p><p>A modifica\u00e7\u00e3o do estilo de vida (controle de peso, mudan\u00e7a dos h\u00e1bitos alimentares, redu\u00e7\u00e3o do consumo de sal, atividade f\u00edsica, etc.) \u00e9 fundamental no controle da hipertens\u00e3o arterial. Quando necess\u00e1rio, o tratamento farmacol\u00f3gico ser\u00e1 introduzido pelo m\u00e9dico.<\/p>\t\t\t\t\t\t\t\t<\/div>\n\t\t\t\t<\/div>\n\t\t\t\t<\/div>\n\t\t<div class=\"elementor-element elementor-element-943c0c8 e-con-full e-flex e-con e-child\" data-id=\"943c0c8\" data-element_type=\"container\" data-e-type=\"container\" data-settings=\"{&quot;jet_parallax_layout_list&quot;:[]}\">\n\t\t\t\t<div class=\"elementor-element elementor-element-5ec16ee elementor-widget elementor-widget-heading\" data-id=\"5ec16ee\" data-element_type=\"widget\" data-e-type=\"widget\" data-widget_type=\"heading.default\">\n\t\t\t\t<div class=\"elementor-widget-container\">\n\t\t\t\t\t<h2 class=\"elementor-heading-title elementor-size-default\">Sa\u00fade mental<\/h2>\t\t\t\t<\/div>\n\t\t\t\t<\/div>\n\t\t\t\t<div class=\"elementor-element elementor-element-908a52b elementor-widget elementor-widget-text-editor\" data-id=\"908a52b\" data-element_type=\"widget\" data-e-type=\"widget\" data-widget_type=\"text-editor.default\">\n\t\t\t\t<div class=\"elementor-widget-container\">\n\t\t\t\t\t\t\t\t\t<p>Uma grande parte dos dist\u00farbios ps\u00edquicos leves \u00e9 atendida no \u00e2mbito da Aten\u00e7\u00e3o B\u00e1sica do SUS que, de acordo com o Minist\u00e9rio da Sa\u00fade, \u00e9 um dos componentes das redes de cuidados que devem garantir aten\u00e7\u00e3o em sa\u00fade mental.<\/p><p><strong>T\u00f3picos de interesse<\/strong><\/p><p>Portaria n\u00ba 344, de 12 de maio de 1998 &#8211; aprova o Regulamento T\u00e9cnico sobre subst\u00e2ncias e medicamentos sujeitos a controle especial.<br \/><a href=\"https:\/\/farmacia-homologacao.saude.pe.gov.br\/wp-content\/uploads\/2025\/06\/manualsaude_mentalmedico_0.pdf\" target=\"_blank\" rel=\"noopener\">Guia de orienta\u00e7\u00e3o em Sa\u00fade Mental &#8211; M\u00e9dico<\/a><br \/><a href=\"https:\/\/farmacia-homologacao.saude.pe.gov.br\/wp-content\/uploads\/2025\/06\/saudementalaf_0.pdf\" target=\"_blank\" rel=\"noopener\">Organiza\u00e7\u00e3o da Assist\u00eancia Farmac\u00eautica em Sa\u00fade Mental &#8211; Instru\u00e7\u00f5es T\u00e9cnicas<\/a><\/p>\t\t\t\t\t\t\t\t<\/div>\n\t\t\t\t<\/div>\n\t\t\t\t<\/div>\n\t\t<div class=\"elementor-element elementor-element-d2a7f15 e-con-full e-flex e-con e-child\" data-id=\"d2a7f15\" data-element_type=\"container\" data-e-type=\"container\" data-settings=\"{&quot;jet_parallax_layout_list&quot;:[]}\">\n\t\t\t\t<div class=\"elementor-element elementor-element-8abed81 elementor-widget elementor-widget-heading\" data-id=\"8abed81\" data-element_type=\"widget\" data-e-type=\"widget\" data-widget_type=\"heading.default\">\n\t\t\t\t<div class=\"elementor-widget-container\">\n\t\t\t\t\t<h2 class=\"elementor-heading-title elementor-size-default\">Sistema Penitenci\u00e1rio<\/h2>\t\t\t\t<\/div>\n\t\t\t\t<\/div>\n\t\t\t\t<div class=\"elementor-element elementor-element-c517a33 elementor-widget elementor-widget-text-editor\" data-id=\"c517a33\" data-element_type=\"widget\" data-e-type=\"widget\" data-widget_type=\"text-editor.default\">\n\t\t\t\t<div class=\"elementor-widget-container\">\n\t\t\t\t\t\t\t\t\t<p>A Pol\u00edtica Nacional de Sa\u00fade no Sistema Penitenci\u00e1rio tem como objetivo organizar o acesso da popula\u00e7\u00e3o penitenci\u00e1ria \u00e0s a\u00e7\u00f5es e servi\u00e7os do Sistema \u00danico de Sa\u00fade. A Portaria GM\/MS n\u00b0 3.270, de 26 de outubro de 2010 regulamenta o fornecimento de medicamentos para atender as doen\u00e7as mais prevalentes e priorit\u00e1rias da popula\u00e7\u00e3o prisional no \u00e2mbito da Aten\u00e7\u00e3o B\u00e1sica em Sa\u00fade.<\/p>\t\t\t\t\t\t\t\t<\/div>\n\t\t\t\t<\/div>\n\t\t\t\t<\/div>\n\t\t\t\t\t<\/div>\n\t\t\t\t<\/div>\n\t\t\t\t<\/div>\n\t\t","protected":false},"excerpt":{"rendered":"<p>Componente B\u00e1sico &#8211; CBAF A Assist\u00eancia Farmac\u00eautica na Aten\u00e7\u00e3o B\u00e1sica em Sa\u00fade \u00e9 parte da Pol\u00edtica Nacional de Assist\u00eancia Farmac\u00eautica do Sistema \u00danico de Sa\u00fade \u2013 SUS. Envolve um grupo de a\u00e7\u00f5es desenvolvidas de forma articulada pelo Minist\u00e9rio da Sa\u00fade, Secretarias Estaduais e Municipais de Sa\u00fade e do Distrito Federal, para garantir o custeio e [&hellip;]<\/p>\n","protected":false},"author":5,"featured_media":0,"parent":0,"menu_order":0,"comment_status":"closed","ping_status":"closed","template":"","meta":{"footnotes":""},"class_list":["post-3885","page","type-page","status-publish","hentry"],"yoast_head":"<!-- This site is optimized with the Yoast SEO plugin v27.6 - https:\/\/yoast.com\/product\/yoast-seo-wordpress\/ -->\n<title>Componente B\u00e1sico - CBAF - Farm\u00e1cia de Pernambuco<\/title>\n<meta name=\"robots\" content=\"index, follow, max-snippet:-1, max-image-preview:large, max-video-preview:-1\" \/>\n<link rel=\"canonical\" href=\"https:\/\/farmacia.saude.pe.gov.br\/?page_id=3885\" \/>\n<meta property=\"og:locale\" content=\"pt_BR\" \/>\n<meta property=\"og:type\" content=\"article\" \/>\n<meta property=\"og:title\" content=\"Componente B\u00e1sico - CBAF - Farm\u00e1cia de Pernambuco\" \/>\n<meta property=\"og:description\" content=\"Componente B\u00e1sico &#8211; CBAF A Assist\u00eancia Farmac\u00eautica na Aten\u00e7\u00e3o B\u00e1sica em Sa\u00fade \u00e9 parte da Pol\u00edtica Nacional de Assist\u00eancia Farmac\u00eautica do Sistema \u00danico de Sa\u00fade \u2013 SUS. Envolve um grupo de a\u00e7\u00f5es desenvolvidas de forma articulada pelo Minist\u00e9rio da Sa\u00fade, Secretarias Estaduais e Municipais de Sa\u00fade e do Distrito Federal, para garantir o custeio e [&hellip;]\" \/>\n<meta property=\"og:url\" content=\"https:\/\/farmacia.saude.pe.gov.br\/?page_id=3885\" \/>\n<meta property=\"og:site_name\" content=\"Farm\u00e1cia de Pernambuco\" \/>\n<meta property=\"article:modified_time\" content=\"2025-07-23T23:39:53+00:00\" \/>\n<meta name=\"twitter:card\" content=\"summary_large_image\" \/>\n<meta name=\"twitter:label1\" content=\"Est. tempo de leitura\" \/>\n\t<meta name=\"twitter:data1\" content=\"6 minutos\" \/>\n<script type=\"application\/ld+json\" class=\"yoast-schema-graph\">{\"@context\":\"https:\\\/\\\/schema.org\",\"@graph\":[{\"@type\":\"WebPage\",\"@id\":\"https:\\\/\\\/farmacia.saude.pe.gov.br\\\/?page_id=3885\",\"url\":\"https:\\\/\\\/farmacia.saude.pe.gov.br\\\/?page_id=3885\",\"name\":\"Componente B\u00e1sico - CBAF - Farm\u00e1cia de Pernambuco\",\"isPartOf\":{\"@id\":\"https:\\\/\\\/farmacia.saude.pe.gov.br\\\/#website\"},\"datePublished\":\"2025-06-25T15:11:27+00:00\",\"dateModified\":\"2025-07-23T23:39:53+00:00\",\"breadcrumb\":{\"@id\":\"https:\\\/\\\/farmacia.saude.pe.gov.br\\\/?page_id=3885#breadcrumb\"},\"inLanguage\":\"pt-BR\",\"potentialAction\":[{\"@type\":\"ReadAction\",\"target\":[\"https:\\\/\\\/farmacia.saude.pe.gov.br\\\/?page_id=3885\"]}]},{\"@type\":\"BreadcrumbList\",\"@id\":\"https:\\\/\\\/farmacia.saude.pe.gov.br\\\/?page_id=3885#breadcrumb\",\"itemListElement\":[{\"@type\":\"ListItem\",\"position\":1,\"name\":\"Home\",\"item\":\"https:\\\/\\\/farmacia.saude.pe.gov.br\\\/\"},{\"@type\":\"ListItem\",\"position\":2,\"name\":\"Componente B\u00e1sico &#8211; CBAF\"}]},{\"@type\":\"WebSite\",\"@id\":\"https:\\\/\\\/farmacia.saude.pe.gov.br\\\/#website\",\"url\":\"https:\\\/\\\/farmacia.saude.pe.gov.br\\\/\",\"name\":\"Farm\u00e1cia de Pernambuco\",\"description\":\"\",\"publisher\":{\"@id\":\"https:\\\/\\\/farmacia.saude.pe.gov.br\\\/#organization\"},\"potentialAction\":[{\"@type\":\"SearchAction\",\"target\":{\"@type\":\"EntryPoint\",\"urlTemplate\":\"https:\\\/\\\/farmacia.saude.pe.gov.br\\\/?s={search_term_string}\"},\"query-input\":{\"@type\":\"PropertyValueSpecification\",\"valueRequired\":true,\"valueName\":\"search_term_string\"}}],\"inLanguage\":\"pt-BR\"},{\"@type\":\"Organization\",\"@id\":\"https:\\\/\\\/farmacia.saude.pe.gov.br\\\/#organization\",\"name\":\"Farm\u00e1cia de Pernambuco\",\"url\":\"https:\\\/\\\/farmacia.saude.pe.gov.br\\\/\",\"logo\":{\"@type\":\"ImageObject\",\"inLanguage\":\"pt-BR\",\"@id\":\"https:\\\/\\\/farmacia.saude.pe.gov.br\\\/#\\\/schema\\\/logo\\\/image\\\/\",\"url\":\"https:\\\/\\\/farmacia.saude.pe.gov.br\\\/wp-content\\\/uploads\\\/2023\\\/08\\\/logoFarmacia.jpg\",\"contentUrl\":\"https:\\\/\\\/farmacia.saude.pe.gov.br\\\/wp-content\\\/uploads\\\/2023\\\/08\\\/logoFarmacia.jpg\",\"width\":490,\"height\":223,\"caption\":\"Farm\u00e1cia de Pernambuco\"},\"image\":{\"@id\":\"https:\\\/\\\/farmacia.saude.pe.gov.br\\\/#\\\/schema\\\/logo\\\/image\\\/\"}}]}<\/script>\n<!-- \/ Yoast SEO plugin. -->","yoast_head_json":{"title":"Componente B\u00e1sico - CBAF - Farm\u00e1cia de Pernambuco","robots":{"index":"index","follow":"follow","max-snippet":"max-snippet:-1","max-image-preview":"max-image-preview:large","max-video-preview":"max-video-preview:-1"},"canonical":"https:\/\/farmacia.saude.pe.gov.br\/?page_id=3885","og_locale":"pt_BR","og_type":"article","og_title":"Componente B\u00e1sico - CBAF - Farm\u00e1cia de Pernambuco","og_description":"Componente B\u00e1sico &#8211; CBAF A Assist\u00eancia Farmac\u00eautica na Aten\u00e7\u00e3o B\u00e1sica em Sa\u00fade \u00e9 parte da Pol\u00edtica Nacional de Assist\u00eancia Farmac\u00eautica do Sistema \u00danico de Sa\u00fade \u2013 SUS. Envolve um grupo de a\u00e7\u00f5es desenvolvidas de forma articulada pelo Minist\u00e9rio da Sa\u00fade, Secretarias Estaduais e Municipais de Sa\u00fade e do Distrito Federal, para garantir o custeio e [&hellip;]","og_url":"https:\/\/farmacia.saude.pe.gov.br\/?page_id=3885","og_site_name":"Farm\u00e1cia de Pernambuco","article_modified_time":"2025-07-23T23:39:53+00:00","twitter_card":"summary_large_image","twitter_misc":{"Est. tempo de leitura":"6 minutos"},"schema":{"@context":"https:\/\/schema.org","@graph":[{"@type":"WebPage","@id":"https:\/\/farmacia.saude.pe.gov.br\/?page_id=3885","url":"https:\/\/farmacia.saude.pe.gov.br\/?page_id=3885","name":"Componente B\u00e1sico - CBAF - Farm\u00e1cia de Pernambuco","isPartOf":{"@id":"https:\/\/farmacia.saude.pe.gov.br\/#website"},"datePublished":"2025-06-25T15:11:27+00:00","dateModified":"2025-07-23T23:39:53+00:00","breadcrumb":{"@id":"https:\/\/farmacia.saude.pe.gov.br\/?page_id=3885#breadcrumb"},"inLanguage":"pt-BR","potentialAction":[{"@type":"ReadAction","target":["https:\/\/farmacia.saude.pe.gov.br\/?page_id=3885"]}]},{"@type":"BreadcrumbList","@id":"https:\/\/farmacia.saude.pe.gov.br\/?page_id=3885#breadcrumb","itemListElement":[{"@type":"ListItem","position":1,"name":"Home","item":"https:\/\/farmacia.saude.pe.gov.br\/"},{"@type":"ListItem","position":2,"name":"Componente B\u00e1sico &#8211; CBAF"}]},{"@type":"WebSite","@id":"https:\/\/farmacia.saude.pe.gov.br\/#website","url":"https:\/\/farmacia.saude.pe.gov.br\/","name":"Farm\u00e1cia de Pernambuco","description":"","publisher":{"@id":"https:\/\/farmacia.saude.pe.gov.br\/#organization"},"potentialAction":[{"@type":"SearchAction","target":{"@type":"EntryPoint","urlTemplate":"https:\/\/farmacia.saude.pe.gov.br\/?s={search_term_string}"},"query-input":{"@type":"PropertyValueSpecification","valueRequired":true,"valueName":"search_term_string"}}],"inLanguage":"pt-BR"},{"@type":"Organization","@id":"https:\/\/farmacia.saude.pe.gov.br\/#organization","name":"Farm\u00e1cia de Pernambuco","url":"https:\/\/farmacia.saude.pe.gov.br\/","logo":{"@type":"ImageObject","inLanguage":"pt-BR","@id":"https:\/\/farmacia.saude.pe.gov.br\/#\/schema\/logo\/image\/","url":"https:\/\/farmacia.saude.pe.gov.br\/wp-content\/uploads\/2023\/08\/logoFarmacia.jpg","contentUrl":"https:\/\/farmacia.saude.pe.gov.br\/wp-content\/uploads\/2023\/08\/logoFarmacia.jpg","width":490,"height":223,"caption":"Farm\u00e1cia de Pernambuco"},"image":{"@id":"https:\/\/farmacia.saude.pe.gov.br\/#\/schema\/logo\/image\/"}}]}},"_links":{"self":[{"href":"https:\/\/farmacia.saude.pe.gov.br\/index.php?rest_route=\/wp\/v2\/pages\/3885","targetHints":{"allow":["GET"]}}],"collection":[{"href":"https:\/\/farmacia.saude.pe.gov.br\/index.php?rest_route=\/wp\/v2\/pages"}],"about":[{"href":"https:\/\/farmacia.saude.pe.gov.br\/index.php?rest_route=\/wp\/v2\/types\/page"}],"author":[{"embeddable":true,"href":"https:\/\/farmacia.saude.pe.gov.br\/index.php?rest_route=\/wp\/v2\/users\/5"}],"replies":[{"embeddable":true,"href":"https:\/\/farmacia.saude.pe.gov.br\/index.php?rest_route=%2Fwp%2Fv2%2Fcomments&post=3885"}],"version-history":[{"count":19,"href":"https:\/\/farmacia.saude.pe.gov.br\/index.php?rest_route=\/wp\/v2\/pages\/3885\/revisions"}],"predecessor-version":[{"id":5597,"href":"https:\/\/farmacia.saude.pe.gov.br\/index.php?rest_route=\/wp\/v2\/pages\/3885\/revisions\/5597"}],"wp:attachment":[{"href":"https:\/\/farmacia.saude.pe.gov.br\/index.php?rest_route=%2Fwp%2Fv2%2Fmedia&parent=3885"}],"curies":[{"name":"wp","href":"https:\/\/api.w.org\/{rel}","templated":true}]}}