{"id":3904,"date":"2025-06-25T13:48:28","date_gmt":"2025-06-25T16:48:28","guid":{"rendered":"https:\/\/farmacia-homologacao.saude.pe.gov.br\/?page_id=3904"},"modified":"2025-07-23T20:45:17","modified_gmt":"2025-07-23T23:45:17","slug":"componente-especializados-ceaf","status":"publish","type":"page","link":"https:\/\/farmacia.saude.pe.gov.br\/?page_id=3904","title":{"rendered":"Componente Especializados &#8211; CEAF"},"content":{"rendered":"\t\t<div data-elementor-type=\"wp-page\" data-elementor-id=\"3904\" class=\"elementor elementor-3904\" data-elementor-post-type=\"page\">\n\t\t\t\t<div class=\"elementor-element elementor-element-d661096 e-flex e-con-boxed e-con e-parent\" data-id=\"d661096\" data-element_type=\"container\" data-e-type=\"container\" data-settings=\"{&quot;jet_parallax_layout_list&quot;:[]}\">\n\t\t\t\t\t<div class=\"e-con-inner\">\n\t\t\t\t<div class=\"elementor-element elementor-element-446e58d elementor-widget elementor-widget-heading\" data-id=\"446e58d\" data-element_type=\"widget\" data-e-type=\"widget\" data-widget_type=\"heading.default\">\n\t\t\t\t<div class=\"elementor-widget-container\">\n\t\t\t\t\t<h2 class=\"elementor-heading-title elementor-size-default\">Componente Especializado - CEAF<\/h2>\t\t\t\t<\/div>\n\t\t\t\t<\/div>\n\t\t\t\t<div class=\"elementor-element elementor-element-dd01303 elementor-widget elementor-widget-text-editor\" data-id=\"dd01303\" data-element_type=\"widget\" data-e-type=\"widget\" data-widget_type=\"text-editor.default\">\n\t\t\t\t<div class=\"elementor-widget-container\">\n\t\t\t\t\t\t\t\t\t<p>O Componente Especializado da Assist\u00eancia Farmac\u00eautica \u00e9 uma estrat\u00e9gia de acesso a medicamentos no \u00e2mbito do SUS, caracterizado pela busca da garantia da integralidade do tratamento medicamentoso, em n\u00edvel ambulatorial, cujas linhas de cuidado est\u00e3o definidas em Protocolos Cl\u00ednicos e Diretrizes Terap\u00eauticas publicados pelo Minist\u00e9rio da Sa\u00fade.(Art. 2\u00ba &#8211; Portaria 1554\/13).<\/p><p>O Componente Especializado da Assist\u00eancia Farmac\u00eautica (CEAF), aprovado pela Portaria GM\/MS n\u00ba 2.981 de 26 de novembro de 2009, alterado pela Portaria 3.439\/2010 e com as regras de financiamento e execu\u00e7\u00e3o regulamentadas pela <a href=\"https:\/\/farmacia-homologacao.saude.pe.gov.br\/wp-content\/uploads\/2025\/06\/portaria_gm_1554_2013_especializado.pdf\" target=\"_blank\" rel=\"noopener\">Portaria GM\/MS n\u00ba 1.554<\/a> de 30 de julho de 2013 (alterada pela <a href=\"https:\/\/farmacia-homologacao.saude.pe.gov.br\/wp-content\/uploads\/2025\/06\/55_-_portaria_gm_ms_1996_2013.pdf\" target=\"_blank\" rel=\"noopener\">Portaria GM\/MS n\u00ba 1.996<\/a> de 11 de setembro de 2013), \u00e9 uma estrat\u00e9gia de acesso a medicamentos no \u00e2mbito do Sistema \u00danico de Sa\u00fade (SUS). O CEAF tem como objetivo garantir a integralidade do tratamento medicamentoso em n\u00edvel ambulatorial, cujas linhas de cuidado est\u00e3o definidas em Protocolos Cl\u00ednicos e Diretrizes Terap\u00eauticas (PCDT) publicados pelo Minist\u00e9rio da Sa\u00fade (MS).<\/p><p><a href=\"https:\/\/farmacia-homologacao.saude.pe.gov.br\/wp-content\/uploads\/2025\/06\/anexos-i-ii-iii-iv-v-vi-pt-gm-ms-1554-2013-novembro-2014-atualizada.pdf\" target=\"_blank\" rel=\"noopener\">Anexo da Portaria GM\/MS 1554 \/ 2013<\/a><\/p><p>Protocolos Cl\u00ednicos e Diretrizes Terap\u00eauticas (PCDT). <a href=\"https:\/\/www.gov.br\/conitec\/pt-br\/assuntos\/avaliacao-de-tecnologias-em-saude\/protocolos-clinicos-e-diretrizes-terapeuticas\" target=\"_blank\" rel=\"noopener\">Clique aqui<\/a> e tenha acesso ao portal do Minist\u00e9rio da Sa\u00fade onde est\u00e3o disponibilizados os PCDT.<\/p><p>Os medicamentos que fazem parte das linhas de cuidado para as doen\u00e7as contempladas neste Componente est\u00e3o divididos em tr\u00eas grupos conforme caracter\u00edsticas, responsabilidades e formas de organiza\u00e7\u00e3o distintas:<\/p>\t\t\t\t\t\t\t\t<\/div>\n\t\t\t\t<\/div>\n\t\t\t\t<div class=\"elementor-element elementor-element-876ac7d elementor-widget-divider--view-line elementor-widget elementor-widget-divider\" data-id=\"876ac7d\" data-element_type=\"widget\" data-e-type=\"widget\" data-widget_type=\"divider.default\">\n\t\t\t\t<div class=\"elementor-widget-container\">\n\t\t\t\t\t\t\t<div class=\"elementor-divider\">\n\t\t\t<span class=\"elementor-divider-separator\">\n\t\t\t\t\t\t<\/span>\n\t\t<\/div>\n\t\t\t\t\t\t<\/div>\n\t\t\t\t<\/div>\n\t\t<div class=\"elementor-element elementor-element-acc46b8 e-con-full e-flex e-con e-child\" data-id=\"acc46b8\" data-element_type=\"container\" data-e-type=\"container\" data-settings=\"{&quot;jet_parallax_layout_list&quot;:[]}\">\n\t\t\t\t<div class=\"elementor-element elementor-element-5af285f elementor-widget elementor-widget-heading\" data-id=\"5af285f\" data-element_type=\"widget\" data-e-type=\"widget\" data-widget_type=\"heading.default\">\n\t\t\t\t<div class=\"elementor-widget-container\">\n\t\t\t\t\t<h2 class=\"elementor-heading-title elementor-size-default\">Grupo 1<\/h2>\t\t\t\t<\/div>\n\t\t\t\t<\/div>\n\t\t\t\t<div class=\"elementor-element elementor-element-5ad7eae elementor-widget elementor-widget-text-editor\" data-id=\"5ad7eae\" data-element_type=\"widget\" data-e-type=\"widget\" data-widget_type=\"text-editor.default\">\n\t\t\t\t<div class=\"elementor-widget-container\">\n\t\t\t\t\t\t\t\t\t<p>Medicamentos financiados pelo Minist\u00e9rio da Sa\u00fade, sendo dividido em:<\/p><p>Grupo 1A: medicamentos com aquisi\u00e7\u00e3o centralizada pelo Minist\u00e9rio da Sa\u00fade e fornecidos \u00e0s Secretarias de Sa\u00fade dos Estados e Distrito Federal, sendo delas a responsabilidade pela programa\u00e7\u00e3o, armazenamento, distribui\u00e7\u00e3o e dispensa\u00e7\u00e3o para tratamento das doen\u00e7as contempladas no \u00e2mbito do Componente Especializado da Assist\u00eancia Farmac\u00eautica; e<\/p><p>Grupo 1B: medicamentos financiados pelo Minist\u00e9rio da Sa\u00fade mediante transfer\u00eancia de recursos financeiros \u00e0s Secretarias de Sa\u00fade dos Estados e Distrito Federal para aquisi\u00e7\u00e3o, programa\u00e7\u00e3o, armazenamento, distribui\u00e7\u00e3o e dispensa\u00e7\u00e3o para tratamento das doen\u00e7as contempladas no \u00e2mbito do Componente Especializado da Assist\u00eancia Farmac\u00eautica;<\/p><p>O Grupo 1 foi constitu\u00eddo segundo os crit\u00e9rios: I &#8211; maior complexidade do tratamento da doen\u00e7a; II &#8211; refratariedade ou intoler\u00e2ncia \u00e0 primeira e\/ou \u00e0 segunda linha de tratamento; III &#8211; medicamentos que representam elevado impacto financeiro para o Componente Especializado da Assist\u00eancia Farmac\u00eautica; e IV &#8211; medicamentos inclu\u00eddos em a\u00e7\u00f5es de desenvolvimento produtivo no complexo industrial da sa\u00fade.<\/p>\t\t\t\t\t\t\t\t<\/div>\n\t\t\t\t<\/div>\n\t\t\t\t<\/div>\n\t\t<div class=\"elementor-element elementor-element-c86844b e-con-full e-flex e-con e-child\" data-id=\"c86844b\" data-element_type=\"container\" data-e-type=\"container\" data-settings=\"{&quot;jet_parallax_layout_list&quot;:[]}\">\n\t\t\t\t<div class=\"elementor-element elementor-element-74fa5ae elementor-widget elementor-widget-heading\" data-id=\"74fa5ae\" data-element_type=\"widget\" data-e-type=\"widget\" data-widget_type=\"heading.default\">\n\t\t\t\t<div class=\"elementor-widget-container\">\n\t\t\t\t\t<h2 class=\"elementor-heading-title elementor-size-default\">Grupo 2<\/h2>\t\t\t\t<\/div>\n\t\t\t\t<\/div>\n\t\t\t\t<div class=\"elementor-element elementor-element-eace54a elementor-widget elementor-widget-text-editor\" data-id=\"eace54a\" data-element_type=\"widget\" data-e-type=\"widget\" data-widget_type=\"text-editor.default\">\n\t\t\t\t<div class=\"elementor-widget-container\">\n\t\t\t\t\t\t\t\t\t<p>Medicamentos financiados pelas Secretarias de Sa\u00fade dos Estados e do Distrito Federal, que s\u00e3o respons\u00e1veis pela aquisi\u00e7\u00e3o, programa\u00e7\u00e3o, armazenamento, distribui\u00e7\u00e3o e dispensa\u00e7\u00e3o para tratamento das doen\u00e7as contempladas no \u00e2mbito do Componente Especializado da Assist\u00eancia Farmac\u00eautica;<\/p><p>O Grupo 2 foi constitu\u00eddo segundo os crit\u00e9rios: I &#8211; menor complexidade do tratamento da doen\u00e7a em rela\u00e7\u00e3o ao Grupo 1; e II &#8211; refratariedade ou intoler\u00e2ncia \u00e0 primeira linha de tratamento.<\/p>\t\t\t\t\t\t\t\t<\/div>\n\t\t\t\t<\/div>\n\t\t\t\t<\/div>\n\t\t<div class=\"elementor-element elementor-element-5b8845a e-con-full e-flex e-con e-child\" data-id=\"5b8845a\" data-element_type=\"container\" data-e-type=\"container\" data-settings=\"{&quot;jet_parallax_layout_list&quot;:[]}\">\n\t\t\t\t<div class=\"elementor-element elementor-element-53ebe10 elementor-widget elementor-widget-heading\" data-id=\"53ebe10\" data-element_type=\"widget\" data-e-type=\"widget\" data-widget_type=\"heading.default\">\n\t\t\t\t<div class=\"elementor-widget-container\">\n\t\t\t\t\t<h2 class=\"elementor-heading-title elementor-size-default\">Grupo 3<\/h2>\t\t\t\t<\/div>\n\t\t\t\t<\/div>\n\t\t\t\t<div class=\"elementor-element elementor-element-f8d9c9e elementor-widget elementor-widget-text-editor\" data-id=\"f8d9c9e\" data-element_type=\"widget\" data-e-type=\"widget\" data-widget_type=\"text-editor.default\">\n\t\t\t\t<div class=\"elementor-widget-container\">\n\t\t\t\t\t\t\t\t\t<p>Medicamentos sob responsabilidade das Secretarias de Sa\u00fade do Distrito Federal e dos Munic\u00edpios para aquisi\u00e7\u00e3o, programa\u00e7\u00e3o, armazenamento, distribui\u00e7\u00e3o e dispensa\u00e7\u00e3o e que est\u00e1 estabelecida em ato normativo espec\u00edfico que regulamenta o Componente B\u00e1sico da Assist\u00eancia Farmac\u00eautica.<\/p><p>O Grupo 3 foi definido de acordo com os medicamentos constantes no Componente B\u00e1sico da Assist\u00eancia Farmac\u00eautica e indicados pelos Protocolos Cl\u00ednicos e Diretrizes Terap\u00eauticas, publicados na vers\u00e3o final pelo Minist\u00e9rio da Sa\u00fade como a primeira linha de cuidado para o tratamento das doen\u00e7as contempladas pelo Componente Especializado da Assist\u00eancia Farmac\u00eautica.<\/p>\t\t\t\t\t\t\t\t<\/div>\n\t\t\t\t<\/div>\n\t\t\t\t<\/div>\n\t\t\t\t\t<\/div>\n\t\t\t\t<\/div>\n\t\t\t\t<\/div>\n\t\t","protected":false},"excerpt":{"rendered":"<p>Componente Especializado &#8211; CEAF O Componente Especializado da Assist\u00eancia Farmac\u00eautica \u00e9 uma estrat\u00e9gia de acesso a medicamentos no \u00e2mbito do SUS, caracterizado pela busca da garantia da integralidade do tratamento medicamentoso, em n\u00edvel ambulatorial, cujas linhas de cuidado est\u00e3o definidas em Protocolos Cl\u00ednicos e Diretrizes Terap\u00eauticas publicados pelo Minist\u00e9rio da Sa\u00fade.(Art. 2\u00ba &#8211; Portaria 1554\/13). [&hellip;]<\/p>\n","protected":false},"author":5,"featured_media":0,"parent":0,"menu_order":0,"comment_status":"closed","ping_status":"closed","template":"","meta":{"footnotes":""},"class_list":["post-3904","page","type-page","status-publish","hentry"],"yoast_head":"<!-- This site is optimized with the Yoast SEO plugin v27.6 - https:\/\/yoast.com\/product\/yoast-seo-wordpress\/ -->\n<title>Componente Especializados - CEAF - Farm\u00e1cia de Pernambuco<\/title>\n<meta name=\"robots\" content=\"index, follow, max-snippet:-1, max-image-preview:large, max-video-preview:-1\" \/>\n<link rel=\"canonical\" href=\"https:\/\/farmacia.saude.pe.gov.br\/?page_id=3904\" \/>\n<meta property=\"og:locale\" content=\"pt_BR\" \/>\n<meta property=\"og:type\" content=\"article\" \/>\n<meta property=\"og:title\" content=\"Componente Especializados - CEAF - Farm\u00e1cia de Pernambuco\" \/>\n<meta property=\"og:description\" content=\"Componente Especializado &#8211; CEAF O Componente Especializado da Assist\u00eancia Farmac\u00eautica \u00e9 uma estrat\u00e9gia de acesso a medicamentos no \u00e2mbito do SUS, caracterizado pela busca da garantia da integralidade do tratamento medicamentoso, em n\u00edvel ambulatorial, cujas linhas de cuidado est\u00e3o definidas em Protocolos Cl\u00ednicos e Diretrizes Terap\u00eauticas publicados pelo Minist\u00e9rio da Sa\u00fade.(Art. 2\u00ba &#8211; Portaria 1554\/13). [&hellip;]\" \/>\n<meta property=\"og:url\" content=\"https:\/\/farmacia.saude.pe.gov.br\/?page_id=3904\" \/>\n<meta property=\"og:site_name\" content=\"Farm\u00e1cia de Pernambuco\" \/>\n<meta property=\"article:modified_time\" content=\"2025-07-23T23:45:17+00:00\" \/>\n<meta name=\"twitter:card\" content=\"summary_large_image\" \/>\n<meta name=\"twitter:label1\" content=\"Est. tempo de leitura\" \/>\n\t<meta name=\"twitter:data1\" content=\"3 minutos\" \/>\n<script type=\"application\/ld+json\" class=\"yoast-schema-graph\">{\"@context\":\"https:\\\/\\\/schema.org\",\"@graph\":[{\"@type\":\"WebPage\",\"@id\":\"https:\\\/\\\/farmacia.saude.pe.gov.br\\\/?page_id=3904\",\"url\":\"https:\\\/\\\/farmacia.saude.pe.gov.br\\\/?page_id=3904\",\"name\":\"Componente Especializados - CEAF - Farm\u00e1cia de Pernambuco\",\"isPartOf\":{\"@id\":\"https:\\\/\\\/farmacia.saude.pe.gov.br\\\/#website\"},\"datePublished\":\"2025-06-25T16:48:28+00:00\",\"dateModified\":\"2025-07-23T23:45:17+00:00\",\"breadcrumb\":{\"@id\":\"https:\\\/\\\/farmacia.saude.pe.gov.br\\\/?page_id=3904#breadcrumb\"},\"inLanguage\":\"pt-BR\",\"potentialAction\":[{\"@type\":\"ReadAction\",\"target\":[\"https:\\\/\\\/farmacia.saude.pe.gov.br\\\/?page_id=3904\"]}]},{\"@type\":\"BreadcrumbList\",\"@id\":\"https:\\\/\\\/farmacia.saude.pe.gov.br\\\/?page_id=3904#breadcrumb\",\"itemListElement\":[{\"@type\":\"ListItem\",\"position\":1,\"name\":\"Home\",\"item\":\"https:\\\/\\\/farmacia.saude.pe.gov.br\\\/\"},{\"@type\":\"ListItem\",\"position\":2,\"name\":\"Componente Especializados &#8211; CEAF\"}]},{\"@type\":\"WebSite\",\"@id\":\"https:\\\/\\\/farmacia.saude.pe.gov.br\\\/#website\",\"url\":\"https:\\\/\\\/farmacia.saude.pe.gov.br\\\/\",\"name\":\"Farm\u00e1cia de Pernambuco\",\"description\":\"\",\"publisher\":{\"@id\":\"https:\\\/\\\/farmacia.saude.pe.gov.br\\\/#organization\"},\"potentialAction\":[{\"@type\":\"SearchAction\",\"target\":{\"@type\":\"EntryPoint\",\"urlTemplate\":\"https:\\\/\\\/farmacia.saude.pe.gov.br\\\/?s={search_term_string}\"},\"query-input\":{\"@type\":\"PropertyValueSpecification\",\"valueRequired\":true,\"valueName\":\"search_term_string\"}}],\"inLanguage\":\"pt-BR\"},{\"@type\":\"Organization\",\"@id\":\"https:\\\/\\\/farmacia.saude.pe.gov.br\\\/#organization\",\"name\":\"Farm\u00e1cia de Pernambuco\",\"url\":\"https:\\\/\\\/farmacia.saude.pe.gov.br\\\/\",\"logo\":{\"@type\":\"ImageObject\",\"inLanguage\":\"pt-BR\",\"@id\":\"https:\\\/\\\/farmacia.saude.pe.gov.br\\\/#\\\/schema\\\/logo\\\/image\\\/\",\"url\":\"https:\\\/\\\/farmacia.saude.pe.gov.br\\\/wp-content\\\/uploads\\\/2023\\\/08\\\/logoFarmacia.jpg\",\"contentUrl\":\"https:\\\/\\\/farmacia.saude.pe.gov.br\\\/wp-content\\\/uploads\\\/2023\\\/08\\\/logoFarmacia.jpg\",\"width\":490,\"height\":223,\"caption\":\"Farm\u00e1cia de Pernambuco\"},\"image\":{\"@id\":\"https:\\\/\\\/farmacia.saude.pe.gov.br\\\/#\\\/schema\\\/logo\\\/image\\\/\"}}]}<\/script>\n<!-- \/ Yoast SEO plugin. -->","yoast_head_json":{"title":"Componente Especializados - CEAF - Farm\u00e1cia de Pernambuco","robots":{"index":"index","follow":"follow","max-snippet":"max-snippet:-1","max-image-preview":"max-image-preview:large","max-video-preview":"max-video-preview:-1"},"canonical":"https:\/\/farmacia.saude.pe.gov.br\/?page_id=3904","og_locale":"pt_BR","og_type":"article","og_title":"Componente Especializados - CEAF - Farm\u00e1cia de Pernambuco","og_description":"Componente Especializado &#8211; CEAF O Componente Especializado da Assist\u00eancia Farmac\u00eautica \u00e9 uma estrat\u00e9gia de acesso a medicamentos no \u00e2mbito do SUS, caracterizado pela busca da garantia da integralidade do tratamento medicamentoso, em n\u00edvel ambulatorial, cujas linhas de cuidado est\u00e3o definidas em Protocolos Cl\u00ednicos e Diretrizes Terap\u00eauticas publicados pelo Minist\u00e9rio da Sa\u00fade.(Art. 2\u00ba &#8211; Portaria 1554\/13). [&hellip;]","og_url":"https:\/\/farmacia.saude.pe.gov.br\/?page_id=3904","og_site_name":"Farm\u00e1cia de Pernambuco","article_modified_time":"2025-07-23T23:45:17+00:00","twitter_card":"summary_large_image","twitter_misc":{"Est. tempo de leitura":"3 minutos"},"schema":{"@context":"https:\/\/schema.org","@graph":[{"@type":"WebPage","@id":"https:\/\/farmacia.saude.pe.gov.br\/?page_id=3904","url":"https:\/\/farmacia.saude.pe.gov.br\/?page_id=3904","name":"Componente Especializados - CEAF - Farm\u00e1cia de Pernambuco","isPartOf":{"@id":"https:\/\/farmacia.saude.pe.gov.br\/#website"},"datePublished":"2025-06-25T16:48:28+00:00","dateModified":"2025-07-23T23:45:17+00:00","breadcrumb":{"@id":"https:\/\/farmacia.saude.pe.gov.br\/?page_id=3904#breadcrumb"},"inLanguage":"pt-BR","potentialAction":[{"@type":"ReadAction","target":["https:\/\/farmacia.saude.pe.gov.br\/?page_id=3904"]}]},{"@type":"BreadcrumbList","@id":"https:\/\/farmacia.saude.pe.gov.br\/?page_id=3904#breadcrumb","itemListElement":[{"@type":"ListItem","position":1,"name":"Home","item":"https:\/\/farmacia.saude.pe.gov.br\/"},{"@type":"ListItem","position":2,"name":"Componente Especializados &#8211; CEAF"}]},{"@type":"WebSite","@id":"https:\/\/farmacia.saude.pe.gov.br\/#website","url":"https:\/\/farmacia.saude.pe.gov.br\/","name":"Farm\u00e1cia de Pernambuco","description":"","publisher":{"@id":"https:\/\/farmacia.saude.pe.gov.br\/#organization"},"potentialAction":[{"@type":"SearchAction","target":{"@type":"EntryPoint","urlTemplate":"https:\/\/farmacia.saude.pe.gov.br\/?s={search_term_string}"},"query-input":{"@type":"PropertyValueSpecification","valueRequired":true,"valueName":"search_term_string"}}],"inLanguage":"pt-BR"},{"@type":"Organization","@id":"https:\/\/farmacia.saude.pe.gov.br\/#organization","name":"Farm\u00e1cia de Pernambuco","url":"https:\/\/farmacia.saude.pe.gov.br\/","logo":{"@type":"ImageObject","inLanguage":"pt-BR","@id":"https:\/\/farmacia.saude.pe.gov.br\/#\/schema\/logo\/image\/","url":"https:\/\/farmacia.saude.pe.gov.br\/wp-content\/uploads\/2023\/08\/logoFarmacia.jpg","contentUrl":"https:\/\/farmacia.saude.pe.gov.br\/wp-content\/uploads\/2023\/08\/logoFarmacia.jpg","width":490,"height":223,"caption":"Farm\u00e1cia de Pernambuco"},"image":{"@id":"https:\/\/farmacia.saude.pe.gov.br\/#\/schema\/logo\/image\/"}}]}},"_links":{"self":[{"href":"https:\/\/farmacia.saude.pe.gov.br\/index.php?rest_route=\/wp\/v2\/pages\/3904","targetHints":{"allow":["GET"]}}],"collection":[{"href":"https:\/\/farmacia.saude.pe.gov.br\/index.php?rest_route=\/wp\/v2\/pages"}],"about":[{"href":"https:\/\/farmacia.saude.pe.gov.br\/index.php?rest_route=\/wp\/v2\/types\/page"}],"author":[{"embeddable":true,"href":"https:\/\/farmacia.saude.pe.gov.br\/index.php?rest_route=\/wp\/v2\/users\/5"}],"replies":[{"embeddable":true,"href":"https:\/\/farmacia.saude.pe.gov.br\/index.php?rest_route=%2Fwp%2Fv2%2Fcomments&post=3904"}],"version-history":[{"count":13,"href":"https:\/\/farmacia.saude.pe.gov.br\/index.php?rest_route=\/wp\/v2\/pages\/3904\/revisions"}],"predecessor-version":[{"id":5606,"href":"https:\/\/farmacia.saude.pe.gov.br\/index.php?rest_route=\/wp\/v2\/pages\/3904\/revisions\/5606"}],"wp:attachment":[{"href":"https:\/\/farmacia.saude.pe.gov.br\/index.php?rest_route=%2Fwp%2Fv2%2Fmedia&parent=3904"}],"curies":[{"name":"wp","href":"https:\/\/api.w.org\/{rel}","templated":true}]}}