{"id":6449,"date":"2026-05-06T18:48:28","date_gmt":"2026-05-06T21:48:28","guid":{"rendered":"https:\/\/farmacia.saude.pe.gov.br\/?page_id=6449"},"modified":"2026-05-06T19:38:23","modified_gmt":"2026-05-06T22:38:23","slug":"diretoria-e-gerencias","status":"publish","type":"page","link":"https:\/\/farmacia.saude.pe.gov.br\/?page_id=6449","title":{"rendered":"Diretoria e Ger\u00eancias"},"content":{"rendered":"\t\t<div data-elementor-type=\"wp-page\" data-elementor-id=\"6449\" class=\"elementor elementor-6449\" data-elementor-post-type=\"page\">\n\t\t\t\t<div class=\"elementor-element elementor-element-438b179 e-flex e-con-boxed e-con e-parent\" data-id=\"438b179\" data-element_type=\"container\" data-e-type=\"container\" data-settings=\"{&quot;jet_parallax_layout_list&quot;:[]}\">\n\t\t\t\t\t<div class=\"e-con-inner\">\n\t\t\t\t<div class=\"elementor-element elementor-element-57bd4d2 elementor-widget elementor-widget-heading\" data-id=\"57bd4d2\" data-element_type=\"widget\" data-e-type=\"widget\" data-widget_type=\"heading.default\">\n\t\t\t\t<div class=\"elementor-widget-container\">\n\t\t\t\t\t<h2 class=\"elementor-heading-title elementor-size-default\">Diretoria Geral de Assist\u00eancia Farmac\u00eautica<\/h2>\t\t\t\t<\/div>\n\t\t\t\t<\/div>\n\t\t<div class=\"elementor-element elementor-element-4d413ce e-con-full e-flex e-con e-child\" data-id=\"4d413ce\" data-element_type=\"container\" data-e-type=\"container\" data-settings=\"{&quot;jet_parallax_layout_list&quot;:[]}\">\n\t\t\t\t<div class=\"elementor-element elementor-element-a0ec23c elementor-widget elementor-widget-text-editor\" data-id=\"a0ec23c\" data-element_type=\"widget\" data-e-type=\"widget\" data-widget_type=\"text-editor.default\">\n\t\t\t\t<div class=\"elementor-widget-container\">\n\t\t\t\t\t\t\t\t\t<p>\u201cConjunto de a\u00e7\u00f5es e de servi\u00e7os que visem a assegurar a assist\u00eancia terap\u00eautica integral e a promo\u00e7\u00e3o, a prote\u00e7\u00e3o e a recupera\u00e7\u00e3o da sa\u00fade nos estabelecimentos p\u00fablicos e privados que desempenhem atividades farmac\u00eauticas, tendo o medicamento como insumo essencial e visando ao seu acesso e ao seu uso racional\u201d. Lei 13.021\/2014.<\/p><p><strong>Diretor:\u00a0<\/strong>Jean Batista de S\u00e1<br \/><strong>Secret\u00e1ria:<\/strong>\u00a0Danielle Cruz<br \/><strong>Telefone:<\/strong>\u00a03181-6411<\/p>\t\t\t\t\t\t\t\t<\/div>\n\t\t\t\t<\/div>\n\t\t\t\t<\/div>\n\t\t\t\t<div class=\"elementor-element elementor-element-26590ca elementor-widget elementor-widget-heading\" data-id=\"26590ca\" data-element_type=\"widget\" data-e-type=\"widget\" data-widget_type=\"heading.default\">\n\t\t\t\t<div class=\"elementor-widget-container\">\n\t\t\t\t\t<h2 class=\"elementor-heading-title elementor-size-default\">Superintend\u00eancia<\/h2>\t\t\t\t<\/div>\n\t\t\t\t<\/div>\n\t\t<div class=\"elementor-element elementor-element-d50adb0 e-con-full e-flex e-con e-child\" data-id=\"d50adb0\" data-element_type=\"container\" data-e-type=\"container\" data-settings=\"{&quot;jet_parallax_layout_list&quot;:[]}\">\n\t\t\t\t<div class=\"elementor-element elementor-element-a0bfb84 elementor-widget elementor-widget-text-editor\" data-id=\"a0bfb84\" data-element_type=\"widget\" data-e-type=\"widget\" data-widget_type=\"text-editor.default\">\n\t\t\t\t<div class=\"elementor-widget-container\">\n\t\t\t\t\t\t\t\t\t<p><strong>Superintend\u00eancia de Acompanhamento de Metas<br \/><\/strong><strong>Gerente: <\/strong>Maria Selma Lopes Machado<br \/><strong>Telefone:\u00a0<\/strong>3181-6411<\/p>\t\t\t\t\t\t\t\t<\/div>\n\t\t\t\t<\/div>\n\t\t\t\t<\/div>\n\t\t\t\t<div class=\"elementor-element elementor-element-cf8d037 elementor-widget elementor-widget-heading\" data-id=\"cf8d037\" data-element_type=\"widget\" data-e-type=\"widget\" data-widget_type=\"heading.default\">\n\t\t\t\t<div class=\"elementor-widget-container\">\n\t\t\t\t\t<h2 class=\"elementor-heading-title elementor-size-default\">Ger\u00eancias<\/h2>\t\t\t\t<\/div>\n\t\t\t\t<\/div>\n\t\t<div class=\"elementor-element elementor-element-7f75f35 e-con-full e-flex e-con e-child\" data-id=\"7f75f35\" data-element_type=\"container\" data-e-type=\"container\" data-settings=\"{&quot;jet_parallax_layout_list&quot;:[]}\">\n\t\t\t\t<div class=\"elementor-element elementor-element-900243e elementor-widget elementor-widget-text-editor\" data-id=\"900243e\" data-element_type=\"widget\" data-e-type=\"widget\" data-widget_type=\"text-editor.default\">\n\t\t\t\t<div class=\"elementor-widget-container\">\n\t\t\t\t\t\t\t\t\t<p><strong>Ger\u00eancia\u00a0de Avalia\u00e7\u00e3o e Autoriza\u00e7\u00e3o de Procedimentos &#8211; GAAP<br \/><\/strong><strong>Gerente:\u00a0<\/strong>Matheus Nascimento<br \/><strong>E-mail: <\/strong>gerenciacaap@gmail.com<\/p>\t\t\t\t\t\t\t\t<\/div>\n\t\t\t\t<\/div>\n\t\t\t\t<\/div>\n\t\t<div class=\"elementor-element elementor-element-27ad97e e-con-full e-flex e-con e-child\" data-id=\"27ad97e\" data-element_type=\"container\" data-e-type=\"container\" data-settings=\"{&quot;jet_parallax_layout_list&quot;:[]}\">\n\t\t\t\t<div class=\"elementor-element elementor-element-586e162 elementor-widget elementor-widget-text-editor\" data-id=\"586e162\" data-element_type=\"widget\" data-e-type=\"widget\" data-widget_type=\"text-editor.default\">\n\t\t\t\t<div class=\"elementor-widget-container\">\n\t\t\t\t\t\t\t\t\t<p><strong>Ger\u00eancia de Operacionaliza\u00e7\u00e3o da Pol\u00edtica de Assist\u00eancia Farmac\u00eautica &#8211; GEPAF<br \/><\/strong><strong>Gerente: <\/strong>Jozelma Barros<strong><br \/>E-mail<\/strong>:\u00a0gcmdepernambuco@gmail.com<br \/><strong>Contato<\/strong>: 81 3181 &#8211; 6112<\/p>\t\t\t\t\t\t\t\t<\/div>\n\t\t\t\t<\/div>\n\t\t\t\t<div class=\"elementor-element elementor-element-340fb01 elementor-widget elementor-widget-text-editor\" data-id=\"340fb01\" data-element_type=\"widget\" data-e-type=\"widget\" data-widget_type=\"text-editor.default\">\n\t\t\t\t<div class=\"elementor-widget-container\">\n\t\t\t\t\t\t\t\t\t<p><strong>Coordena\u00e7\u00e3o Estadual de Farm\u00e1cia e Terap\u00eautica &#8211; CFT<br \/><\/strong><strong>E-mail<\/strong>:\u00a0ceftsespe@gmail.com<br \/><strong>Contato<\/strong>: 3181 &#8211; 6101<\/p>\t\t\t\t\t\t\t\t<\/div>\n\t\t\t\t<\/div>\n\t\t\t\t<div class=\"elementor-element elementor-element-3e8986b elementor-widget elementor-widget-text-editor\" data-id=\"3e8986b\" data-element_type=\"widget\" data-e-type=\"widget\" data-widget_type=\"text-editor.default\">\n\t\t\t\t<div class=\"elementor-widget-container\">\n\t\t\t\t\t\t\t\t\t<p><strong>Coordena\u00e7\u00e3o de Assist\u00eancia Farmac\u00eautica Ambulatorial &#8211; CAFA<br \/><\/strong><strong>E-mail<\/strong>:\u00a0absafpe@gmail.com<br \/><strong>Contato<\/strong>: 81 3181 &#8211; 6115<\/p>\t\t\t\t\t\t\t\t<\/div>\n\t\t\t\t<\/div>\n\t\t\t\t<\/div>\n\t\t<div class=\"elementor-element elementor-element-d48a705 e-con-full e-flex e-con e-child\" data-id=\"d48a705\" data-element_type=\"container\" data-e-type=\"container\" data-settings=\"{&quot;jet_parallax_layout_list&quot;:[]}\">\n\t\t\t\t<div class=\"elementor-element elementor-element-ed93575 elementor-widget elementor-widget-text-editor\" data-id=\"ed93575\" data-element_type=\"widget\" data-e-type=\"widget\" data-widget_type=\"text-editor.default\">\n\t\t\t\t<div class=\"elementor-widget-container\">\n\t\t\t\t\t\t\t\t\t<p><strong>Ger\u00eancia de Monitoramento, Avalia\u00e7\u00e3o e Sustentabilidade da Assist\u00eancia Farmac\u00eautica &#8211; GMAS<br \/><\/strong><strong>Gerente:\u00a0<\/strong>Marcos Ant\u00f4nio Tormente<br \/><strong>Telefone: <\/strong>81 3181-6420<\/p>\t\t\t\t\t\t\t\t<\/div>\n\t\t\t\t<\/div>\n\t\t\t\t<\/div>\n\t\t<div class=\"elementor-element elementor-element-3941143 e-con-full e-flex e-con e-child\" data-id=\"3941143\" data-element_type=\"container\" data-e-type=\"container\" data-settings=\"{&quot;jet_parallax_layout_list&quot;:[]}\">\n\t\t\t\t<div class=\"elementor-element elementor-element-d25f927 elementor-widget elementor-widget-text-editor\" data-id=\"d25f927\" data-element_type=\"widget\" data-e-type=\"widget\" data-widget_type=\"text-editor.default\">\n\t\t\t\t<div class=\"elementor-widget-container\">\n\t\t\t\t\t\t\t\t\t<p><strong>Ger\u00eancia de Organiza\u00e7\u00e3o e Administra\u00e7\u00e3o das Farm\u00e1cias de\u00a0Pernambuco &#8211; GOAFPE<br \/><\/strong><strong>Gerente: <\/strong>Hugo Carvalho<strong><br \/>E-mail<\/strong>:\u00a0goafpe@hotmail.com<br \/><strong>Contato<\/strong>: 81 3181 &#8211; 6415<\/p>\t\t\t\t\t\t\t\t<\/div>\n\t\t\t\t<\/div>\n\t\t\t\t<\/div>\n\t\t\t\t\t<\/div>\n\t\t\t\t<\/div>\n\t\t\t\t<\/div>\n\t\t","protected":false},"excerpt":{"rendered":"<p>Diretoria Geral de Assist\u00eancia Farmac\u00eautica \u201cConjunto de a\u00e7\u00f5es e de servi\u00e7os que visem a assegurar a assist\u00eancia terap\u00eautica integral e a promo\u00e7\u00e3o, a prote\u00e7\u00e3o e a recupera\u00e7\u00e3o da sa\u00fade nos estabelecimentos p\u00fablicos e privados que desempenhem atividades farmac\u00eauticas, tendo o medicamento como insumo essencial e visando ao seu acesso e ao seu uso racional\u201d. Lei [&hellip;]<\/p>\n","protected":false},"author":6,"featured_media":0,"parent":0,"menu_order":0,"comment_status":"closed","ping_status":"closed","template":"","meta":{"footnotes":""},"class_list":["post-6449","page","type-page","status-publish","hentry"],"yoast_head":"<!-- This site is optimized with the Yoast SEO plugin v27.6 - https:\/\/yoast.com\/product\/yoast-seo-wordpress\/ -->\n<title>Diretoria e Ger\u00eancias - Farm\u00e1cia de Pernambuco<\/title>\n<meta name=\"robots\" content=\"index, follow, max-snippet:-1, max-image-preview:large, max-video-preview:-1\" \/>\n<link rel=\"canonical\" href=\"https:\/\/farmacia.saude.pe.gov.br\/?page_id=6449\" \/>\n<meta property=\"og:locale\" content=\"pt_BR\" \/>\n<meta property=\"og:type\" content=\"article\" \/>\n<meta property=\"og:title\" content=\"Diretoria e Ger\u00eancias - Farm\u00e1cia de Pernambuco\" \/>\n<meta property=\"og:description\" content=\"Diretoria Geral de Assist\u00eancia Farmac\u00eautica \u201cConjunto de a\u00e7\u00f5es e de servi\u00e7os que visem a assegurar a assist\u00eancia terap\u00eautica integral e a promo\u00e7\u00e3o, a prote\u00e7\u00e3o e a recupera\u00e7\u00e3o da sa\u00fade nos estabelecimentos p\u00fablicos e privados que desempenhem atividades farmac\u00eauticas, tendo o medicamento como insumo essencial e visando ao seu acesso e ao seu uso racional\u201d. Lei [&hellip;]\" \/>\n<meta property=\"og:url\" content=\"https:\/\/farmacia.saude.pe.gov.br\/?page_id=6449\" \/>\n<meta property=\"og:site_name\" content=\"Farm\u00e1cia de Pernambuco\" \/>\n<meta property=\"article:modified_time\" content=\"2026-05-06T22:38:23+00:00\" \/>\n<meta name=\"twitter:card\" content=\"summary_large_image\" \/>\n<meta name=\"twitter:label1\" content=\"Est. tempo de leitura\" \/>\n\t<meta name=\"twitter:data1\" content=\"1 minuto\" \/>\n<script type=\"application\/ld+json\" class=\"yoast-schema-graph\">{\"@context\":\"https:\\\/\\\/schema.org\",\"@graph\":[{\"@type\":\"WebPage\",\"@id\":\"https:\\\/\\\/farmacia.saude.pe.gov.br\\\/?page_id=6449\",\"url\":\"https:\\\/\\\/farmacia.saude.pe.gov.br\\\/?page_id=6449\",\"name\":\"Diretoria e Ger\u00eancias - Farm\u00e1cia de Pernambuco\",\"isPartOf\":{\"@id\":\"https:\\\/\\\/farmacia.saude.pe.gov.br\\\/#website\"},\"datePublished\":\"2026-05-06T21:48:28+00:00\",\"dateModified\":\"2026-05-06T22:38:23+00:00\",\"breadcrumb\":{\"@id\":\"https:\\\/\\\/farmacia.saude.pe.gov.br\\\/?page_id=6449#breadcrumb\"},\"inLanguage\":\"pt-BR\",\"potentialAction\":[{\"@type\":\"ReadAction\",\"target\":[\"https:\\\/\\\/farmacia.saude.pe.gov.br\\\/?page_id=6449\"]}]},{\"@type\":\"BreadcrumbList\",\"@id\":\"https:\\\/\\\/farmacia.saude.pe.gov.br\\\/?page_id=6449#breadcrumb\",\"itemListElement\":[{\"@type\":\"ListItem\",\"position\":1,\"name\":\"Home\",\"item\":\"https:\\\/\\\/farmacia.saude.pe.gov.br\\\/\"},{\"@type\":\"ListItem\",\"position\":2,\"name\":\"Diretoria e Ger\u00eancias\"}]},{\"@type\":\"WebSite\",\"@id\":\"https:\\\/\\\/farmacia.saude.pe.gov.br\\\/#website\",\"url\":\"https:\\\/\\\/farmacia.saude.pe.gov.br\\\/\",\"name\":\"Farm\u00e1cia de Pernambuco\",\"description\":\"\",\"publisher\":{\"@id\":\"https:\\\/\\\/farmacia.saude.pe.gov.br\\\/#organization\"},\"potentialAction\":[{\"@type\":\"SearchAction\",\"target\":{\"@type\":\"EntryPoint\",\"urlTemplate\":\"https:\\\/\\\/farmacia.saude.pe.gov.br\\\/?s={search_term_string}\"},\"query-input\":{\"@type\":\"PropertyValueSpecification\",\"valueRequired\":true,\"valueName\":\"search_term_string\"}}],\"inLanguage\":\"pt-BR\"},{\"@type\":\"Organization\",\"@id\":\"https:\\\/\\\/farmacia.saude.pe.gov.br\\\/#organization\",\"name\":\"Farm\u00e1cia de Pernambuco\",\"url\":\"https:\\\/\\\/farmacia.saude.pe.gov.br\\\/\",\"logo\":{\"@type\":\"ImageObject\",\"inLanguage\":\"pt-BR\",\"@id\":\"https:\\\/\\\/farmacia.saude.pe.gov.br\\\/#\\\/schema\\\/logo\\\/image\\\/\",\"url\":\"https:\\\/\\\/farmacia.saude.pe.gov.br\\\/wp-content\\\/uploads\\\/2023\\\/08\\\/logoFarmacia.jpg\",\"contentUrl\":\"https:\\\/\\\/farmacia.saude.pe.gov.br\\\/wp-content\\\/uploads\\\/2023\\\/08\\\/logoFarmacia.jpg\",\"width\":490,\"height\":223,\"caption\":\"Farm\u00e1cia de Pernambuco\"},\"image\":{\"@id\":\"https:\\\/\\\/farmacia.saude.pe.gov.br\\\/#\\\/schema\\\/logo\\\/image\\\/\"}}]}<\/script>\n<!-- \/ Yoast SEO plugin. -->","yoast_head_json":{"title":"Diretoria e Ger\u00eancias - Farm\u00e1cia de Pernambuco","robots":{"index":"index","follow":"follow","max-snippet":"max-snippet:-1","max-image-preview":"max-image-preview:large","max-video-preview":"max-video-preview:-1"},"canonical":"https:\/\/farmacia.saude.pe.gov.br\/?page_id=6449","og_locale":"pt_BR","og_type":"article","og_title":"Diretoria e Ger\u00eancias - Farm\u00e1cia de Pernambuco","og_description":"Diretoria Geral de Assist\u00eancia Farmac\u00eautica \u201cConjunto de a\u00e7\u00f5es e de servi\u00e7os que visem a assegurar a assist\u00eancia terap\u00eautica integral e a promo\u00e7\u00e3o, a prote\u00e7\u00e3o e a recupera\u00e7\u00e3o da sa\u00fade nos estabelecimentos p\u00fablicos e privados que desempenhem atividades farmac\u00eauticas, tendo o medicamento como insumo essencial e visando ao seu acesso e ao seu uso racional\u201d. Lei [&hellip;]","og_url":"https:\/\/farmacia.saude.pe.gov.br\/?page_id=6449","og_site_name":"Farm\u00e1cia de Pernambuco","article_modified_time":"2026-05-06T22:38:23+00:00","twitter_card":"summary_large_image","twitter_misc":{"Est. tempo de leitura":"1 minuto"},"schema":{"@context":"https:\/\/schema.org","@graph":[{"@type":"WebPage","@id":"https:\/\/farmacia.saude.pe.gov.br\/?page_id=6449","url":"https:\/\/farmacia.saude.pe.gov.br\/?page_id=6449","name":"Diretoria e Ger\u00eancias - Farm\u00e1cia de Pernambuco","isPartOf":{"@id":"https:\/\/farmacia.saude.pe.gov.br\/#website"},"datePublished":"2026-05-06T21:48:28+00:00","dateModified":"2026-05-06T22:38:23+00:00","breadcrumb":{"@id":"https:\/\/farmacia.saude.pe.gov.br\/?page_id=6449#breadcrumb"},"inLanguage":"pt-BR","potentialAction":[{"@type":"ReadAction","target":["https:\/\/farmacia.saude.pe.gov.br\/?page_id=6449"]}]},{"@type":"BreadcrumbList","@id":"https:\/\/farmacia.saude.pe.gov.br\/?page_id=6449#breadcrumb","itemListElement":[{"@type":"ListItem","position":1,"name":"Home","item":"https:\/\/farmacia.saude.pe.gov.br\/"},{"@type":"ListItem","position":2,"name":"Diretoria e Ger\u00eancias"}]},{"@type":"WebSite","@id":"https:\/\/farmacia.saude.pe.gov.br\/#website","url":"https:\/\/farmacia.saude.pe.gov.br\/","name":"Farm\u00e1cia de Pernambuco","description":"","publisher":{"@id":"https:\/\/farmacia.saude.pe.gov.br\/#organization"},"potentialAction":[{"@type":"SearchAction","target":{"@type":"EntryPoint","urlTemplate":"https:\/\/farmacia.saude.pe.gov.br\/?s={search_term_string}"},"query-input":{"@type":"PropertyValueSpecification","valueRequired":true,"valueName":"search_term_string"}}],"inLanguage":"pt-BR"},{"@type":"Organization","@id":"https:\/\/farmacia.saude.pe.gov.br\/#organization","name":"Farm\u00e1cia de Pernambuco","url":"https:\/\/farmacia.saude.pe.gov.br\/","logo":{"@type":"ImageObject","inLanguage":"pt-BR","@id":"https:\/\/farmacia.saude.pe.gov.br\/#\/schema\/logo\/image\/","url":"https:\/\/farmacia.saude.pe.gov.br\/wp-content\/uploads\/2023\/08\/logoFarmacia.jpg","contentUrl":"https:\/\/farmacia.saude.pe.gov.br\/wp-content\/uploads\/2023\/08\/logoFarmacia.jpg","width":490,"height":223,"caption":"Farm\u00e1cia de Pernambuco"},"image":{"@id":"https:\/\/farmacia.saude.pe.gov.br\/#\/schema\/logo\/image\/"}}]}},"_links":{"self":[{"href":"https:\/\/farmacia.saude.pe.gov.br\/index.php?rest_route=\/wp\/v2\/pages\/6449","targetHints":{"allow":["GET"]}}],"collection":[{"href":"https:\/\/farmacia.saude.pe.gov.br\/index.php?rest_route=\/wp\/v2\/pages"}],"about":[{"href":"https:\/\/farmacia.saude.pe.gov.br\/index.php?rest_route=\/wp\/v2\/types\/page"}],"author":[{"embeddable":true,"href":"https:\/\/farmacia.saude.pe.gov.br\/index.php?rest_route=\/wp\/v2\/users\/6"}],"replies":[{"embeddable":true,"href":"https:\/\/farmacia.saude.pe.gov.br\/index.php?rest_route=%2Fwp%2Fv2%2Fcomments&post=6449"}],"version-history":[{"count":15,"href":"https:\/\/farmacia.saude.pe.gov.br\/index.php?rest_route=\/wp\/v2\/pages\/6449\/revisions"}],"predecessor-version":[{"id":6466,"href":"https:\/\/farmacia.saude.pe.gov.br\/index.php?rest_route=\/wp\/v2\/pages\/6449\/revisions\/6466"}],"wp:attachment":[{"href":"https:\/\/farmacia.saude.pe.gov.br\/index.php?rest_route=%2Fwp%2Fv2%2Fmedia&parent=6449"}],"curies":[{"name":"wp","href":"https:\/\/api.w.org\/{rel}","templated":true}]}}